{"id":16611,"date":"2021-07-06T09:20:16","date_gmt":"2021-07-06T09:20:16","guid":{"rendered":"https:\/\/justnaturallywine.com\/producto\/chablis-domaine-chaude-ecuelle\/"},"modified":"2021-12-02T09:10:54","modified_gmt":"2021-12-02T09:10:54","slug":"chablis-domaine-chaude-ecuelle","status":"publish","type":"product","link":"https:\/\/justnaturallywine.com\/en\/producto\/chablis-domaine-chaude-ecuelle\/","title":{"rendered":"CHABLIS <\/br><p style=\"font-size:70%;font-style:italic;\">Domaine Chaude \u00c9cuelle<\/p>"},"content":{"rendered":"<div class=\"et_d4_element et_pb_section et_pb_section_0  et_pb_css_mix_blend_mode et_section_regular et_block_section\" >\n\t\t\t\t\n\t\t\t\t\n\t\t\t\t\n\t\t\t\t\n\t\t\t\t\n\t\t\t\t\n\t\t\t\t<div class=\"et_d4_element et_pb_row et_pb_row_0  et_pb_css_mix_blend_mode et_block_row\">\n\t\t\t\t<div class=\"et_d4_element et_pb_column_4_4 et_pb_column et_pb_column_0  et_pb_css_mix_blend_mode et-last-child et_block_column\">\n\t\t\t\t\n\t\t\t\t\n\t\t\t\t\n\t\t\t\t\n\t\t\t\t<div class=\"et_pb_module et_d4_element et_pb_wc_breadcrumb et_pb_wc_breadcrumb_0 et_pb_bg_layout_  et_pb_text_align_left\">\n\t\t\t\t\n\t\t\t\t\n\t\t\t\t\n\t\t\t\t\n\t\t\t\t\n\t\t\t\t\n\t\t\t\t<div class=\"et_pb_module_inner\">\n\t\t\t\t\t<nav class=\"woocommerce-breadcrumb\" aria-label=\"Breadcrumb\"><a href=\"https:\/\/justnaturallywine.com\/en\/\">Home<\/a>  \/  <a href=\"https:\/\/justnaturallywine.com\/en\/categoria-producto\/type-of-wine\/\">Type of Wine<\/a>  \/  <a href=\"https:\/\/justnaturallywine.com\/en\/categoria-producto\/type-of-wine\/white-wine\/\">White Wine<\/a>  \/  CHABLIS Domaine de l\u2019Enclos<\/nav>\n\t\t\t\t<\/div>\n\t\t\t<\/div><div class=\"et_pb_module et_d4_element et_pb_wc_cart_notice et_pb_wc_cart_notice_0 woocommerce et_pb_fields_layout_default et_pb_bg_layout_  et_pb_text_align_left\">\n\t\t\t\t\n\t\t\t\t\n\t\t\t\t\n\t\t\t\t\n\t\t\t\t\n\t\t\t\t\n\t\t\t\t<div class=\"et_pb_module_inner\">\n\t\t\t\t\t\n\t\t\t\t<\/div>\n\t\t\t<\/div>\n\t\t\t<\/div>\n\t\t\t\t\n\t\t\t\t\n\t\t\t\t\n\t\t\t\t\n\t\t\t<\/div><div class=\"et_d4_element et_pb_row et_pb_row_1  et_pb_css_mix_blend_mode et_block_row\">\n\t\t\t\t<div class=\"et_d4_element et_pb_column_1_2 et_pb_column et_pb_column_1  et_pb_css_mix_blend_mode et_block_column\">\n\t\t\t\t\n\t\t\t\t\n\t\t\t\t\n\t\t\t\t\n\t\t\t\t<div class=\"et_pb_module et_d4_element et_pb_wc_images et_pb_wc_images_0 et_pb_bg_layout_\">\n\t\t\t\t\n\t\t\t\t\n\t\t\t\t\n\t\t\t\t\n\t\t\t\t\n\t\t\t\t\n\t\t\t\t<div class=\"et_pb_module_inner\">\n\t\t\t\t\t<div class=\"woocommerce-product-gallery woocommerce-product-gallery--with-images woocommerce-product-gallery--columns-4 images\" data-columns=\"4\" style=\"opacity: 0; transition: opacity .25s ease-in-out;\">\n\t<div class=\"woocommerce-product-gallery__wrapper\">\n\t\t<div data-thumb=\"https:\/\/justnaturallywine.com\/wp-content\/uploads\/2022\/10\/Domaine-De-LEnclos-Chablis-2020-100x100.webp\" data-thumb-alt=\"CHABLIS &lt;\/br&gt;&lt;p style=&quot;font-size:70%;font-style:italic;&quot;&gt;Domaine de l\u2019Enclos&lt;\/p&gt;\" data-thumb-srcset=\"\"  data-thumb-sizes=\"\" class=\"woocommerce-product-gallery__image\"><a href=\"https:\/\/justnaturallywine.com\/wp-content\/uploads\/2022\/10\/Domaine-De-LEnclos-Chablis-2020-e1665522768863.webp\"><img loading=\"lazy\" decoding=\"async\" width=\"510\" height=\"765\" src=\"https:\/\/justnaturallywine.com\/wp-content\/uploads\/2022\/10\/Domaine-De-LEnclos-Chablis-2020-510x765.webp\" class=\"wp-post-image\" alt=\"CHABLIS &lt;\/br&gt;&lt;p style=&quot;font-size:70%;font-style:italic;&quot;&gt;Domaine de l\u2019Enclos&lt;\/p&gt;\" data-caption=\"\" data-src=\"https:\/\/justnaturallywine.com\/wp-content\/uploads\/2022\/10\/Domaine-De-LEnclos-Chablis-2020-e1665522768863.webp\" data-large_image=\"https:\/\/justnaturallywine.com\/wp-content\/uploads\/2022\/10\/Domaine-De-LEnclos-Chablis-2020-e1665522768863.webp\" data-large_image_width=\"1000\" data-large_image_height=\"1500\" \/><\/a><\/div><div data-thumb=\"https:\/\/justnaturallywine.com\/wp-content\/uploads\/2022\/10\/7L0A3466-100x100.jpg\" data-thumb-alt=\"CHABLIS &lt;\/br&gt;&lt;p style=&quot;font-size:70%;font-style:italic;&quot;&gt;Domaine de l\u2019Enclos&lt;\/p&gt; - Image 2\" data-thumb-srcset=\"\"  data-thumb-sizes=\"\" class=\"woocommerce-product-gallery__image\"><a href=\"https:\/\/justnaturallywine.com\/wp-content\/uploads\/2022\/10\/7L0A3466-scaled.jpg\"><img loading=\"lazy\" decoding=\"async\" width=\"510\" height=\"765\" src=\"https:\/\/justnaturallywine.com\/wp-content\/uploads\/2022\/10\/7L0A3466-510x765.jpg\" class=\"\" alt=\"CHABLIS &lt;\/br&gt;&lt;p style=&quot;font-size:70%;font-style:italic;&quot;&gt;Domaine de l\u2019Enclos&lt;\/p&gt; - Image 2\" data-caption=\"\" data-src=\"https:\/\/justnaturallywine.com\/wp-content\/uploads\/2022\/10\/7L0A3466-scaled.jpg\" data-large_image=\"https:\/\/justnaturallywine.com\/wp-content\/uploads\/2022\/10\/7L0A3466-scaled.jpg\" data-large_image_width=\"1707\" data-large_image_height=\"2560\" \/><\/a><\/div><div data-thumb=\"https:\/\/justnaturallywine.com\/wp-content\/uploads\/2022\/10\/7L0A3477-100x100.jpg\" data-thumb-alt=\"CHABLIS &lt;\/br&gt;&lt;p style=&quot;font-size:70%;font-style:italic;&quot;&gt;Domaine de l\u2019Enclos&lt;\/p&gt; - Image 3\" data-thumb-srcset=\"\"  data-thumb-sizes=\"\" class=\"woocommerce-product-gallery__image\"><a href=\"https:\/\/justnaturallywine.com\/wp-content\/uploads\/2022\/10\/7L0A3477-scaled.jpg\"><img loading=\"lazy\" decoding=\"async\" width=\"510\" height=\"765\" src=\"https:\/\/justnaturallywine.com\/wp-content\/uploads\/2022\/10\/7L0A3477-510x765.jpg\" class=\"\" alt=\"CHABLIS &lt;\/br&gt;&lt;p style=&quot;font-size:70%;font-style:italic;&quot;&gt;Domaine de l\u2019Enclos&lt;\/p&gt; - Image 3\" data-caption=\"\" data-src=\"https:\/\/justnaturallywine.com\/wp-content\/uploads\/2022\/10\/7L0A3477-scaled.jpg\" data-large_image=\"https:\/\/justnaturallywine.com\/wp-content\/uploads\/2022\/10\/7L0A3477-scaled.jpg\" data-large_image_width=\"1707\" data-large_image_height=\"2560\" \/><\/a><\/div><div data-thumb=\"https:\/\/justnaturallywine.com\/wp-content\/uploads\/2022\/10\/7L0A3821-100x100.jpg\" data-thumb-alt=\"CHABLIS &lt;\/br&gt;&lt;p style=&quot;font-size:70%;font-style:italic;&quot;&gt;Domaine de l\u2019Enclos&lt;\/p&gt; - Image 4\" data-thumb-srcset=\"\"  data-thumb-sizes=\"\" class=\"woocommerce-product-gallery__image\"><a href=\"https:\/\/justnaturallywine.com\/wp-content\/uploads\/2022\/10\/7L0A3821-scaled.jpg\"><img loading=\"lazy\" decoding=\"async\" width=\"510\" height=\"765\" src=\"https:\/\/justnaturallywine.com\/wp-content\/uploads\/2022\/10\/7L0A3821-510x765.jpg\" class=\"\" alt=\"CHABLIS &lt;\/br&gt;&lt;p style=&quot;font-size:70%;font-style:italic;&quot;&gt;Domaine de l\u2019Enclos&lt;\/p&gt; - Image 4\" data-caption=\"\" data-src=\"https:\/\/justnaturallywine.com\/wp-content\/uploads\/2022\/10\/7L0A3821-scaled.jpg\" data-large_image=\"https:\/\/justnaturallywine.com\/wp-content\/uploads\/2022\/10\/7L0A3821-scaled.jpg\" data-large_image_width=\"1707\" data-large_image_height=\"2560\" \/><\/a><\/div>\t<\/div>\n<\/div>\n\n\t\t\t\t<\/div>\n\t\t\t<\/div>\n\t\t\t<\/div><div class=\"et_d4_element et_pb_column_1_2 et_pb_column et_pb_column_2  et_pb_css_mix_blend_mode et-last-child et_block_column\">\n\t\t\t\t\n\t\t\t\t\n\t\t\t\t\n\t\t\t\t\n\t\t\t\t<div class=\"et_pb_module et_d4_element et_pb_wc_title et_pb_wc_title_0 et_pb_bg_layout_light\">\n\t\t\t\t\n\t\t\t\t\n\t\t\t\t\n\t\t\t\t\n\t\t\t\t\n\t\t\t\t\n\t\t\t\t<div class=\"et_pb_module_inner\">\n\t\t\t\t\t\n\t\t<h1>CHABLIS <\/br><p style=\"font-size:70%;font-style:italic;\">Domaine de l\u2019Enclos<\/p><\/h1>\n\t\t\t\t<\/div>\n\t\t\t<\/div><div class=\"et_pb_module et_d4_element et_pb_wc_description et_pb_wc_description_0 et_pb_bg_layout_light  et_pb_text_align_left\">\n\t\t\t\t\n\t\t\t\t\n\t\t\t\t\n\t\t\t\t\n\t\t\t\t\n\t\t\t\t\n\t\t\t\t<div class=\"et_pb_module_inner\">\n\t\t\t\t\t<p class=\"p1\"><span style=\"color: #65232b;\">Aperitivos\/Tapas | Ostras | Mariscos | Pescados | Sushis | Paellas | Carnes blancas | A degustar solo<\/span><\/p>\n\n\t\t\t\t<\/div>\n\t\t\t<\/div><div class=\"et_pb_module et_d4_element et_pb_wc_meta et_pb_wc_meta_0 et_pb_bg_layout_ et_pb_wc_meta_layout_inline\">\n\t\t\t\t\n\t\t\t\t\n\t\t\t\t\n\t\t\t\t\n\t\t\t\t\n\t\t\t\t\n\t\t\t\t<div class=\"et_pb_module_inner\">\n\t\t\t\t\t<div class=\"product_meta\">\n\n\t\n\t\n\t<span class=\"posted_in\">Categories: <a href=\"https:\/\/justnaturallywine.com\/en\/categoria-producto\/type-of-agriculture\/biodynamic\/\" rel=\"tag\">Biodynamic<\/a>, <a href=\"https:\/\/justnaturallywine.com\/en\/categoria-producto\/type-dagriculture\/biologique\/\" rel=\"tag\">Biologique<\/a>, <a href=\"https:\/\/justnaturallywine.com\/en\/categoria-producto\/bodegas\/\" rel=\"tag\">Bodegas<\/a>, <a href=\"https:\/\/justnaturallywine.com\/en\/categoria-producto\/region-2\/chablis\/\" rel=\"tag\">Chablis<\/a>, <a href=\"https:\/\/justnaturallywine.com\/en\/categoria-producto\/region\/chablis-fr\/\" rel=\"tag\">Chablis (FR)<\/a>, <a href=\"https:\/\/justnaturallywine.com\/en\/categoria-producto\/region-3\/chablis-france\/\" rel=\"tag\">Chablis (France)<\/a>, <a href=\"https:\/\/justnaturallywine.com\/en\/categoria-producto\/domaine-de-lenclos\/\" rel=\"tag\">Domaine de l\u2019Enclos<\/a>, <a href=\"https:\/\/justnaturallywine.com\/en\/categoria-producto\/viticultura\/ecologica\/\" rel=\"tag\">Ecol\u00f3gica<\/a>, <a href=\"https:\/\/justnaturallywine.com\/en\/categoria-producto\/idiomaes\/\" rel=\"tag\">IdiomaES<\/a>, <a href=\"https:\/\/justnaturallywine.com\/en\/categoria-producto\/region-2\/\" rel=\"tag\">R\u00e9gion<\/a>, <a href=\"https:\/\/justnaturallywine.com\/en\/categoria-producto\/region-3\/\" rel=\"tag\">Region<\/a>, <a href=\"https:\/\/justnaturallywine.com\/en\/categoria-producto\/region\/\" rel=\"tag\">Regi\u00f3n<\/a>, <a href=\"https:\/\/justnaturallywine.com\/en\/categoria-producto\/tipo\/\" rel=\"tag\">Tipo de vino<\/a>, <a href=\"https:\/\/justnaturallywine.com\/en\/categoria-producto\/type-dagriculture\/\" rel=\"tag\">Type d\u2019agriculture<\/a>, <a href=\"https:\/\/justnaturallywine.com\/en\/categoria-producto\/type-de-vin\/\" rel=\"tag\">Type de vin<\/a>, <a href=\"https:\/\/justnaturallywine.com\/en\/categoria-producto\/type-of-agriculture\/\" rel=\"tag\">Type of Agriculture<\/a>, <a href=\"https:\/\/justnaturallywine.com\/en\/categoria-producto\/type-of-wine\/\" rel=\"tag\">Type of Wine<\/a>, <a href=\"https:\/\/justnaturallywine.com\/en\/categoria-producto\/type-de-vin\/vin-blanc\/\" rel=\"tag\">Vin blanc<\/a>, <a href=\"https:\/\/justnaturallywine.com\/en\/categoria-producto\/tipo\/vino-blanco\/\" rel=\"tag\">Vino Blanco<\/a>, <a href=\"https:\/\/justnaturallywine.com\/en\/categoria-producto\/viticultura\/\" rel=\"tag\">Viticultura<\/a>, <a href=\"https:\/\/justnaturallywine.com\/en\/categoria-producto\/type-of-wine\/white-wine\/\" rel=\"tag\">White Wine<\/a><\/span>\n\t<span class=\"tagged_as\">Tags: <a href=\"https:\/\/justnaturallywine.com\/etiqueta-producto\/chablis\/\" rel=\"tag\">Chablis<\/a>, <a href=\"https:\/\/justnaturallywine.com\/etiqueta-producto\/ecologica\/\" rel=\"tag\">Ecol\u00f3gica<\/a>, <a href=\"https:\/\/justnaturallywine.com\/etiqueta-producto\/sostenible\/\" rel=\"tag\">Sostenible<\/a>, <a href=\"https:\/\/justnaturallywine.com\/etiqueta-producto\/vino_blanco\/\" rel=\"tag\">Vino Blanco<\/a><\/span>\n\t\n<\/div>\n\n\t\t\t\t<\/div>\n\t\t\t<\/div>\n\t\t\t<\/div>\n\t\t\t\t\n\t\t\t\t\n\t\t\t\t\n\t\t\t\t\n\t\t\t<\/div><div class=\"et_d4_element et_pb_row et_pb_row_2  et_pb_css_mix_blend_mode et_block_row\">\n\t\t\t\t<div class=\"et_d4_element et_pb_column_4_4 et_pb_column et_pb_column_3  et_pb_css_mix_blend_mode et-last-child et_block_column\">\n\t\t\t\t\n\t\t\t\t\n\t\t\t\t\n\t\t\t\t\n\t\t\t\t<div class=\"et_pb_module et_d4_element et_pb_wc_tabs et_pb_wc_tabs_0 et_pb_tabs \" >\n\t\t\t\t\n\t\t\t\t\n\t\t\t\t\n\t\t\t\t\n\t\t\t\t<ul class=\"et_pb_tabs_controls clearfix\">\n\t\t\t\t\t<li class=\"description_tab et_pb_tab_active\"><a href=\"#tab-description\">Description<\/a><\/li><li class=\"reviews_tab\"><a href=\"#tab-reviews\">Reviews (0)<\/a><\/li>\n\t\t\t\t<\/ul>\n\t\t\t\t<div class=\"et_pb_all_tabs\">\n\t\t\t\t\t<div class=\"et_pb_tab clearfix et_pb_active_content\">\n\t\t\t\t\t<div class=\"et_pb_tab_content\">\n\t\t\t\t\t\t<p class=\"p1\"><strong>A\u00f1ada<\/strong>: 2020<\/p>\n<p class=\"p1\"><strong>Tipo de agricultura:\u00a0<\/strong><i>Ecol\u00f3gica<\/i><\/p>\n<p class=\"p1\"><strong>Regi\u00f3n:<\/strong> AOC Chablis (FR)<\/p>\n<p class=\"p1\"><strong>Variedades de uvas:<\/strong> 100% Chardonnay<\/p>\n<p class=\"p1\"><strong>Temperatura de servicio:<\/strong> 8\/10\u2002\u00baC<\/p>\n<p class=\"p1\"><strong>Graduaci\u00f3n alcoh\u00f3lica:<\/strong> 13% vol.<\/p>\n<p><i>ELEGANCIA, FRESCURA y MINERALIDAD, esta Chardonnay refleja sin duda las caracter\u00edsticas de los m\u00e1s bellos terru\u00f1os del Chablis.<span class=\"Apple-converted-space\">\u00a0<\/span><\/i><\/p>\n<p><i>Un vino sorprendente, con mucho volumen, potente, con c\u00edtricos y frutas amarillas. El paladar es amplio y goloso, con frutas maduras y mucha frescura mineral.<\/i><\/p>\n<p><i>Ligero, fino y muy agradable de beber, un vino ideal para compartirlo con buenas mariscadas.\u00a0<\/i><i>Un vino para disfrutar ahora y durante muchos a\u00f1os.<\/i><\/p>\n<p>*Recomendado para una cocina Gastron\u00f3mica*<\/p>\n\n\t\t\t\t\t<\/div>\n\t\t\t\t<\/div><div class=\"et_pb_tab clearfix\">\n\t\t\t\t\t<div class=\"et_pb_tab_content\">\n\t\t\t\t\t\t<div id=\"reviews\" class=\"woocommerce-Reviews\">\n\t<div id=\"comments\">\n\t\t<h2 class=\"woocommerce-Reviews-title\">\n\t\t\tReviews\t\t<\/h2>\n\n\t\t\t\t\t<p class=\"woocommerce-noreviews\">There are no reviews yet.<\/p>\n\t\t\t<\/div>\n\n\t\t\t<div id=\"review_form_wrapper\">\n\t\t\t<div id=\"review_form\">\n\t\t\t\t\t<div id=\"respond\" class=\"comment-respond\">\n\t\t<span id=\"reply-title\" class=\"comment-reply-title\" role=\"heading\" aria-level=\"3\">Be the first to review &ldquo;CHABLIS <\/br><p style=\"font-size:70%;font-style:italic;\">Domaine de l\u2019Enclos<\/p>&rdquo; <small><a rel=\"nofollow\" id=\"cancel-comment-reply-link\" href=\"\/en\/wp-json\/wp\/v2\/product\/16611#respond\" style=\"display:none;\">Cancel reply<\/a><\/small><\/span><form action=\"https:\/\/justnaturallywine.com\/wp-comments-post.php\" method=\"post\" id=\"commentform\" class=\"comment-form\"><p class=\"comment-notes\"><span id=\"email-notes\">Your email address will not be published.<\/span> <span class=\"required-field-message\">Required fields are marked <span class=\"required\">*<\/span><\/span><\/p><div class=\"comment-form-rating\"><label for=\"rating\" id=\"comment-form-rating-label\">Your rating&nbsp;<span class=\"required\">*<\/span><\/label><select name=\"rating\" id=\"rating\" required>\n\t\t\t\t\t\t<option value=\"\">Rate&hellip;<\/option>\n\t\t\t\t\t\t<option value=\"5\">Perfect<\/option>\n\t\t\t\t\t\t<option value=\"4\">Good<\/option>\n\t\t\t\t\t\t<option value=\"3\">Average<\/option>\n\t\t\t\t\t\t<option value=\"2\">Not that bad<\/option>\n\t\t\t\t\t\t<option value=\"1\">Very poor<\/option>\n\t\t\t\t\t<\/select><\/div><p class=\"comment-form-comment\"><label for=\"comment\">Your review&nbsp;<span class=\"required\">*<\/span><\/label><textarea id=\"comment\" name=\"comment\" cols=\"45\" rows=\"8\" required><\/textarea><\/p><input name=\"wpml_language_code\" type=\"hidden\" value=\"en\" \/><p class=\"comment-form-author\"><label for=\"author\">Name&nbsp;<span class=\"required\">*<\/span><\/label><input id=\"author\" name=\"author\" type=\"text\" autocomplete=\"name\" value=\"\" size=\"30\" required \/><\/p>\n<p class=\"comment-form-email\"><label for=\"email\">Email&nbsp;<span class=\"required\">*<\/span><\/label><input id=\"email\" name=\"email\" type=\"email\" autocomplete=\"email\" value=\"\" size=\"30\" required \/><\/p>\n<p class=\"comment-form-cookies-consent\"><input id=\"wp-comment-cookies-consent\" name=\"wp-comment-cookies-consent\" type=\"checkbox\" value=\"yes\" \/> <label for=\"wp-comment-cookies-consent\">Save my name, email, and website in this browser for the next time I comment.<\/label><\/p>\n<p class=\"form-submit\"><input name=\"submit\" type=\"submit\" id=\"submit\" class=\"submit\" value=\"Submit\" \/> <input type='hidden' name='comment_post_ID' value='17259' id='comment_post_ID' \/>\n<input type='hidden' name='comment_parent' id='comment_parent' value='0' \/>\n<\/p><p style=\"display: none;\"><input type=\"hidden\" id=\"akismet_comment_nonce\" name=\"akismet_comment_nonce\" value=\"6a1b3dab80\" \/><\/p><p style=\"display: none !important;\" class=\"akismet-fields-container\" data-prefix=\"ak_\"><label>&#916;<textarea name=\"ak_hp_textarea\" cols=\"45\" rows=\"8\" maxlength=\"100\"><\/textarea><\/label><input type=\"hidden\" id=\"ak_js_1\" name=\"ak_js\" value=\"31\"\/><script type=\"text\/javascript\">\n\/* <![CDATA[ *\/\ndocument.getElementById( \"ak_js_1\" ).setAttribute( \"value\", ( new Date() ).getTime() );\n\/* ]]> *\/\n<\/script>\n<\/p><\/form>\t<\/div><!-- #respond -->\n\t\t\t\t<\/div>\n\t\t<\/div>\n\t\n\t<div class=\"clear\"><\/div>\n<\/div>\n\n\t\t\t\t\t<\/div>\n\t\t\t\t<\/div>\n\t\t\t\t<\/div>\n\t\t\t<\/div><div class=\"et_pb_module et_d4_element et_pb_wc_related_products et_pb_wc_related_products_0 et_pb_bg_layout_  et_pb_css_mix_blend_mode\">\n\t\t\t\t\n\t\t\t\t\n\t\t\t\t\n\t\t\t\t\n\t\t\t\t\n\t\t\t\t\n\t\t\t\t<div class=\"et_pb_module_inner\">\n\t\t\t\t\t\n\t<section class=\"related products\">\n\n\t\t\t\t\t<h2>Related products<\/h2>\n\t\t\t\t<ul class=\"products columns-4\">\n\n\t\t\t\n\t\t\t\t\t<li class=\"product type-product post-13999 status-publish first instock product_cat-bodegas product_cat-domaine-puech-haut product_cat-idiomaes product_cat-languedoc-rosellon product_cat-languedoc-rosellon-fr product_cat-languedoc-rosellon-france product_cat-raisonnee product_cat-region-2 product_cat-region-3 product_cat-region product_cat-sostenible product_cat-sustainable product_cat-tipo product_cat-type-dagriculture product_cat-type-de-vin product_cat-type-of-agriculture product_cat-type-of-wine product_cat-vin-blanc product_cat-vino-blanco product_cat-viticultura product_cat-white-wine product_tag-coteaux-_du-_languedoc product_tag-sostenible product_tag-vino_blanco has-post-thumbnail shipping-taxable product-type-simple\">\n\t<a href=\"https:\/\/justnaturallywine.com\/producto\/domaine-puech\/\" class=\"woocommerce-LoopProduct-link woocommerce-loop-product__link\"><span class=\"et_shop_image\"><img loading=\"lazy\" decoding=\"async\" width=\"400\" height=\"400\" src=\"https:\/\/justnaturallywine.com\/wp-content\/uploads\/2021\/07\/DOMAINE-PUECH_1200x1200px-400x400.jpg\" class=\"attachment-woocommerce_thumbnail size-woocommerce_thumbnail\" alt=\"ARGALI BLANC&lt;\/br&gt;&lt;p style=&quot;font-size:70%;font-style:italic;&quot;&gt;Ch\u00e2teau Puech-Haut&lt;\/p&gt;\" \/><span class=\"et_overlay\"><\/span><\/span><h2 class=\"woocommerce-loop-product__title\">ARGALI BLANC<\/br><p style=\"font-size:70%;font-style:italic;\">Ch\u00e2teau Puech-Haut<\/p><\/h2>\n<\/a><\/li>\n\n\t\t\t\n\t\t\t\t\t<li class=\"product type-product post-14025 status-publish instock product_cat-biologique product_cat-bodegas product_cat-cataluna product_cat-cataluna-esp product_cat-cataluna-spain product_cat-bodega-capcanes product_cat-ecologica product_cat-idiomaes product_cat-organic product_cat-region-2 product_cat-region-3 product_cat-region product_cat-tipo product_cat-type-dagriculture product_cat-type-de-vin product_cat-type-of-agriculture product_cat-type-of-wine product_cat-vin-blanc product_cat-vino-blanco product_cat-viticultura product_cat-white-wine product_tag-cataluna product_tag-ecologica product_tag-vino_blanco has-post-thumbnail shipping-taxable purchasable product-type-simple\">\n\t<a href=\"https:\/\/justnaturallywine.com\/producto\/mas-picosa-blanco-bodega-capcanes\/\" class=\"woocommerce-LoopProduct-link woocommerce-loop-product__link\"><span class=\"et_shop_image\"><img loading=\"lazy\" decoding=\"async\" width=\"400\" height=\"400\" src=\"https:\/\/justnaturallywine.com\/wp-content\/uploads\/2021\/07\/MASPICOSA_1200x1200px-1-400x400.jpg\" class=\"attachment-woocommerce_thumbnail size-woocommerce_thumbnail\" alt=\"MAS PICOSA BLANCO&lt;\/br&gt;&lt;p style=&quot;font-size:70%;font-style:italic;&quot;&gt; Bodega Cap\u00e7anes&lt;\/p&gt;\" \/><span class=\"et_overlay\"><\/span><\/span><h2 class=\"woocommerce-loop-product__title\">MAS PICOSA BLANCO<\/br><p style=\"font-size:70%;font-style:italic;\"> Bodega Cap\u00e7anes<\/p><\/h2>\n\t<span class=\"price\"><span class=\"woocommerce-Price-amount amount\"><bdi>8,00<span class=\"woocommerce-Price-currencySymbol\">&euro;<\/span><\/bdi><\/span><\/span>\n<\/a><\/li>\n\n\t\t\t\n\t\t\t\t\t<li class=\"product type-product post-14021 status-publish instock product_cat-bodegas product_cat-domaine-pelle product_cat-idiomaes product_cat-menetou-salon-sancerre product_cat-menetou-salon-sancerre-fr product_cat-menetou-salon-sancerre-france product_cat-raisonnee product_cat-region-3 product_cat-region product_cat-region-2 product_cat-sostenible product_cat-sustainable product_cat-tipo product_cat-type-dagriculture product_cat-type-de-vin product_cat-type-of-agriculture product_cat-type-of-wine product_cat-vin-blanc product_cat-vino-blanco product_cat-viticultura product_cat-white-wine product_tag-menetou_salon_sancerre product_tag-sostenible product_tag-vino_blanco has-post-thumbnail shipping-taxable product-type-simple\">\n\t<a href=\"https:\/\/justnaturallywine.com\/producto\/les-bornes-blanco-menetou-salon\/\" class=\"woocommerce-LoopProduct-link woocommerce-loop-product__link\"><span class=\"et_shop_image\"><img loading=\"lazy\" decoding=\"async\" width=\"400\" height=\"400\" src=\"https:\/\/justnaturallywine.com\/wp-content\/uploads\/2021\/07\/LESBORNES_1200x1200px-2-400x400.jpg\" class=\"attachment-woocommerce_thumbnail size-woocommerce_thumbnail\" alt=\"LES BORNES BLANC&lt;\/br&gt;&lt;p style=&quot;font-size:70%;font-style:italic;&quot;&gt;Domaine Pell\u00e9&lt;\/p&gt;\" \/><span class=\"et_overlay\"><\/span><\/span><h2 class=\"woocommerce-loop-product__title\">LES BORNES BLANC<\/br><p style=\"font-size:70%;font-style:italic;\">Domaine Pell\u00e9<\/p><\/h2>\n<\/a><\/li>\n\n\t\t\t\n\t\t\t\t\t<li class=\"product type-product post-14075 status-publish last instock product_cat-biologique product_cat-bodegas product_cat-cotes-de-gascogne product_cat-cotes-de-gascogne-fr product_cat-cotes-de-gascogne-france product_cat-ecologica product_cat-idiomaes product_cat-organic product_cat-region-2 product_cat-region-3 product_cat-region product_cat-tipo product_cat-type-dagriculture product_cat-type-de-vin product_cat-type-of-agriculture product_cat-type-of-wine product_cat-uby-winery-distillerie product_cat-vin-blanc product_cat-vino-blanco product_cat-viticultura product_cat-white-wine product_tag-cotes_de_gascogne product_tag-ecologica product_tag-vino_blanco has-post-thumbnail shipping-taxable product-type-simple\">\n\t<a href=\"https:\/\/justnaturallywine.com\/producto\/byo-n%e2%80%8221-blanco-seco-domaine-uby\/\" class=\"woocommerce-LoopProduct-link woocommerce-loop-product__link\"><span class=\"et_shop_image\"><img loading=\"lazy\" decoding=\"async\" width=\"400\" height=\"400\" src=\"https:\/\/justnaturallywine.com\/wp-content\/uploads\/2021\/07\/UBY-BLANCO_1200x1200-1-400x400.jpg\" class=\"attachment-woocommerce_thumbnail size-woocommerce_thumbnail\" alt=\"BYO N\u00ba 21 BLANCO SECO&lt;\/br&gt;&lt;p style=&quot;font-size:70%;font-style:italic;&quot;&gt;Domaine Uby&lt;\/p&gt;\" \/><span class=\"et_overlay\"><\/span><\/span><h2 class=\"woocommerce-loop-product__title\">BYO N\u00ba 21 BLANCO SECO<\/br><p style=\"font-size:70%;font-style:italic;\">Domaine Uby<\/p><\/h2>\n<\/a><\/li>\n\n\t\t\t\n\t\t<\/ul>\n\n\t<\/section>\n\t\n\t\t\t\t<\/div>\n\t\t\t<\/div>\n\t\t\t<\/div>\n\t\t\t\t\n\t\t\t\t\n\t\t\t\t\n\t\t\t\t\n\t\t\t<\/div>\n\t\t\t\t\n\t\t\t\t\n\t\t\t<\/div>\n","protected":false},"excerpt":{"rendered":"<p class=\"p1\"><i>*Recommended for a Gastronomic Cuisine*<span class=\"Apple-converted-space\">\u00a0<\/span><\/i><\/p>\n<p class=\"p1\"><span style=\"color: #65232b;\">Apetizers\u00a0 \u00a0 | \u00a0 \u00a0Tapas \u00a0 \u00a0| \u00a0 \u00a0Oysters\u00a0 \u00a0 |\u00a0 \u00a0 Seafood\u00a0 \u00a0 |\u00a0 Fish\u00a0 |\u00a0 \u00a0 Sushis\u00a0 \u00a0 \u00a0|\u00a0 \u00a0 White meat\u00a0 \u00a0 |\u00a0 \u00a0Paellas \u00a0 |\u00a0 \u00a0 Just by itself<\/span><\/p>\n","protected":false},"featured_media":15549,"comment_status":"open","ping_status":"closed","template":"","meta":{"_et_pb_use_builder":"on","_et_pb_old_content":"<p class=\"p1\"><b>Vintage: <\/b>2019<\/p>\r\n<p class=\"p1\"><b>Type of Agriculture: <\/b><i>Sustainable Agriculture <\/i><\/p>\r\n<p class=\"p1\"><b>Region: <\/b>AOC Chablis (FR)<\/p>\r\n<p class=\"p1\"><b>Grape Varieties: <\/b>100% Chardonnay<\/p>\r\n<p class=\"p1\"><b>Serving Temperature: <\/b>8\/10\u00b0C<\/p>\r\n<p class=\"p1\"><b>Alcohol Content: <\/b>12,5% vol.<\/p>\r\n<p class=\"p1\"><i>An elegant and mineral Chardonnay which undoubtedly reflects the characteristic terroir of Chablis. This wine offers typical citrus fruit aromas, accompanied by mineral nuances, floral notes and slightly iodised. On the palate, it has a fresh and a well balanced acidity with a beautiful finesse. <\/i><\/p>\r\n<p class=\"p1\"><i>Light and pleasant to drink, this wine is to be shared and drunk on any occasion, served chilled.<span class=\"Apple-converted-space\">\u00a0<\/span><\/i><\/p>","_et_gb_content_width":"","_joinchat":[]},"product_brand":[],"product_cat":[321,440,413,309,310,394,441,431,287,442,411,311,432,443,444,324,325,445,400,402,312],"product_tag":[313,314,301],"class_list":{"0":"post-16611","1":"product","2":"type-product","3":"status-publish","4":"has-post-thumbnail","6":"product_cat-bodegas-en","7":"product_cat-chablis-en","8":"product_cat-chablis-fr-en","9":"product_cat-chablis-france-en","10":"product_cat-domaine-de-chaude-ecuelle-en","11":"product_cat-language","12":"product_cat-raisonnee-en","13":"product_cat-region-en","14":"product_cat-region-3-en","15":"product_cat-region-2-en","16":"product_cat-sostenible-en","17":"product_cat-sustainable-en","18":"product_cat-tipo-en","19":"product_cat-type-dagriculture-en","20":"product_cat-type-de-vin-en","21":"product_cat-type-of-agriculture-en","22":"product_cat-type-of-wine-en","23":"product_cat-vin-blanc-en","24":"product_cat-vino-blanco-en","25":"product_cat-viticultura-en","26":"product_cat-white-wine-en","27":"product_tag-chablis-en","28":"product_tag-sostenible-en","29":"product_tag-vino_blanco-en","31":"first","32":"instock","33":"shipping-taxable","34":"product-type-simple"},"_links":{"self":[{"href":"https:\/\/justnaturallywine.com\/en\/wp-json\/wp\/v2\/product\/16611","targetHints":{"allow":["GET"]}}],"collection":[{"href":"https:\/\/justnaturallywine.com\/en\/wp-json\/wp\/v2\/product"}],"about":[{"href":"https:\/\/justnaturallywine.com\/en\/wp-json\/wp\/v2\/types\/product"}],"replies":[{"embeddable":true,"href":"https:\/\/justnaturallywine.com\/en\/wp-json\/wp\/v2\/comments?post=16611"}],"wp:featuredmedia":[{"embeddable":true,"href":"https:\/\/justnaturallywine.com\/en\/wp-json\/wp\/v2\/media\/15549"}],"wp:attachment":[{"href":"https:\/\/justnaturallywine.com\/en\/wp-json\/wp\/v2\/media?parent=16611"}],"wp:term":[{"taxonomy":"product_brand","embeddable":true,"href":"https:\/\/justnaturallywine.com\/en\/wp-json\/wp\/v2\/product_brand?post=16611"},{"taxonomy":"product_cat","embeddable":true,"href":"https:\/\/justnaturallywine.com\/en\/wp-json\/wp\/v2\/product_cat?post=16611"},{"taxonomy":"product_tag","embeddable":true,"href":"https:\/\/justnaturallywine.com\/en\/wp-json\/wp\/v2\/product_tag?post=16611"}],"curies":[{"name":"wp","href":"https:\/\/api.w.org\/{rel}","templated":true}]}}