{"id":16615,"date":"2021-10-27T11:26:33","date_gmt":"2021-10-27T11:26:33","guid":{"rendered":"https:\/\/justnaturallywine.com\/producto\/pasion-cuvee-sierra-norte-copia\/"},"modified":"2021-12-01T13:28:55","modified_gmt":"2021-12-01T13:28:55","slug":"pasion-cuvee-sierra-norte-copia","status":"publish","type":"product","link":"https:\/\/justnaturallywine.com\/fr\/producto\/pasion-cuvee-sierra-norte-copia\/","title":{"rendered":"PASI\u00d3N CUV\u00c9E<\/br><p style=\"font-size:70%;font-style:italic;\"> Sierra Norte <\/p>"},"content":{"rendered":"<p class=\"p1\"><b>Type de d\u2019agriculture: <\/b>Biologique<\/p>\n<p class=\"p1\"><b>R\u00e9gion: <\/b>D.O. Cava &#8211; Valencia (ES)<\/p>\n<p class=\"p1\"><b>C\u00e9pages: <\/b>Chardonnay 90% &#8211; Xarel\u00b7lo 10%<\/p>\n<p class=\"p1\"><b>Temp\u00e9rature de service: <\/b>6\/8\u00b0C<\/p>\n<p class=\"p1\"><b>Teneur en alcool: <\/b>12% vol.<\/p>\n<p class=\"p1\"><i>CAVA Brut Nature Reserva, frais et cr\u00e9meux avec des fines et abondantes bulles. Des notes de pomme et de poire, subtilement brioch\u00e9. <\/i><\/p>\n<p class=\"p1\"><i>L\u00e9ger, expressif et tr\u00e8s agr\u00e9able pendant les chaudes journ\u00e9es d&rsquo;\u00e9t\u00e9. Un vin \u00e0 partager et \u00e0 boire en toute occasion, servi frais.<span class=\"Apple-converted-space\">\u00a0<\/span><\/i><\/p>\n","protected":false},"excerpt":{"rendered":"<div class=\"page\" title=\"Page 5\">\n<div class=\"section\">\n<div class=\"layoutArea\">\n<div class=\"column\">\n<p class=\"p1\"><span style=\"color: #65232b;\">Ap\u00e9tifis\/Tapas\u00a0 \u00a0 \u00a0|\u00a0 \u00a0 \u00a0Fruits de mer\u00a0 \u00a0 \u00a0|\u00a0 \u00a0 \u00a0Sushi\u00a0 \u00a0 \u00a0|\u00a0 \u00a0 \u00a0Poissons crus\u00a0 \u00a0 \u00a0|\u00a0 \u00a0 \u00a0Viandes blanches\u00a0 \u00a0 \u00a0|\u00a0 \u00a0 \u00a0 Fromages\u00a0 \u00a0 \u00a0|\u00a0 \u00a0 \u00c0 d\u00e9guster seul<\/span><\/p>\n<\/div>\n<\/div>\n<\/div>\n<\/div>\n","protected":false},"featured_media":15884,"comment_status":"open","ping_status":"closed","template":"","meta":{"_joinchat":[]},"product_brand":[],"product_cat":[337,379,423,362,387,424,395,388,382,389,433,384,436,340,341,437,438,425,385,390,407],"product_tag":[343,344,345],"class_list":{"0":"post-16615","1":"product","2":"type-product","3":"status-publish","4":"has-post-thumbnail","6":"product_cat-biologique-fr","7":"product_cat-bodegas-fr","8":"product_cat-cava-fr","9":"product_cat-cava-champagne-petillant-fr","10":"product_cat-cava-champagne-sparkling-en-fr","11":"product_cat-ecologica-fr","12":"product_cat-langagefr","13":"product_cat-organic-en-fr","14":"product_cat-region-2-fr","15":"product_cat-region-3-en-fr","16":"product_cat-region-fr","17":"product_cat-sierra-norte-bodega-fr","18":"product_cat-tipo-fr","19":"product_cat-type-dagriculture-fr","20":"product_cat-type-de-vin-fr","21":"product_cat-type-of-agriculture-fr","22":"product_cat-type-of-wine-fr","23":"product_cat-valencia-fr","24":"product_cat-valencia-esp-fr","25":"product_cat-valencia-spain-en-fr","26":"product_cat-viticultura-fr","27":"product_tag-cotes_de_provence-fr","28":"product_tag-ecologica-fr","29":"product_tag-vino-rosado-fr","31":"first","32":"instock","33":"shipping-taxable","34":"product-type-simple"},"_links":{"self":[{"href":"https:\/\/justnaturallywine.com\/fr\/wp-json\/wp\/v2\/product\/16615","targetHints":{"allow":["GET"]}}],"collection":[{"href":"https:\/\/justnaturallywine.com\/fr\/wp-json\/wp\/v2\/product"}],"about":[{"href":"https:\/\/justnaturallywine.com\/fr\/wp-json\/wp\/v2\/types\/product"}],"replies":[{"embeddable":true,"href":"https:\/\/justnaturallywine.com\/fr\/wp-json\/wp\/v2\/comments?post=16615"}],"wp:featuredmedia":[{"embeddable":true,"href":"https:\/\/justnaturallywine.com\/fr\/wp-json\/wp\/v2\/media\/15884"}],"wp:attachment":[{"href":"https:\/\/justnaturallywine.com\/fr\/wp-json\/wp\/v2\/media?parent=16615"}],"wp:term":[{"taxonomy":"product_brand","embeddable":true,"href":"https:\/\/justnaturallywine.com\/fr\/wp-json\/wp\/v2\/product_brand?post=16615"},{"taxonomy":"product_cat","embeddable":true,"href":"https:\/\/justnaturallywine.com\/fr\/wp-json\/wp\/v2\/product_cat?post=16615"},{"taxonomy":"product_tag","embeddable":true,"href":"https:\/\/justnaturallywine.com\/fr\/wp-json\/wp\/v2\/product_tag?post=16615"}],"curies":[{"name":"wp","href":"https:\/\/api.w.org\/{rel}","templated":true}]}}