{"id":16623,"date":"2021-07-06T09:16:33","date_gmt":"2021-07-06T09:16:33","guid":{"rendered":"https:\/\/justnaturallywine.com\/producto\/byo-n%e2%80%8226-rosado-afrutado-domaine-uby\/"},"modified":"2021-12-01T13:40:39","modified_gmt":"2021-12-01T13:40:39","slug":"byo-n%e2%80%8226-rosado-afrutado-domaine-uby","status":"publish","type":"product","link":"https:\/\/justnaturallywine.com\/fr\/producto\/byo-n%e2%80%8226-rosado-afrutado-domaine-uby\/","title":{"rendered":"BYO N\u00ba 26 ROS\u00c9 FRUIT\u00c9<\/br><p style=\"font-size:70%;font-style:italic;\">Domaine Uby<\/p>"},"content":{"rendered":"<p class=\"p1\"><b>Mill\u00e9sime: <\/b>2020<\/p>\n<p class=\"p1\"><b>Type d\u2019agriculture: <\/b><i>Biologique <\/i><\/p>\n<p class=\"p1\"><b>R\u00e9gion: <\/b>D.O. C\u00f4tes de Gascogne (FR)<\/p>\n<p class=\"p1\"><b>C\u00e9pages: <\/b>Cabernet Franc &#8211; Merlot &#8211; Tannat &#8211; Pinot Noir<\/p>\n<p class=\"p1\"><b>Temp\u00e9rature de service: <\/b>6\/8\u00b0C<\/p>\n<p class=\"p1\"><b>Teneur en alcool: <\/b>11,5% vol.<\/p>\n<p class=\"p1\"><i>Une pure d\u00e9lice, ce ros\u00e9 Bio d\u00e9gagent une grande fra\u00eecheur, \u00e9tant ample et juteux avec des notes de fruits frais, framboise et groseilles, de la gourmandise. <\/i><\/p>\n<p class=\"p1\"><i>Tr\u00e8s l\u00e9ger et d\u00e9salt\u00e9rant lors des chaudes journ\u00e9es d&rsquo;\u00e9t\u00e9. Un vin \u00e0 partager et \u00e0 boire en toute occasion, servi tr\u00e8s frais.<span class=\"Apple-converted-space\">\u00a0<\/span><\/i><\/p>\n","protected":false},"excerpt":{"rendered":"<div class=\"page\" title=\"Page 12\">\n<div class=\"section\">\n<div class=\"layoutArea\">\n<div class=\"column\">\n<p class=\"p1\"><span style=\"color: #65232b;\">Ap\u00e9tifis\/Tapas\u00a0 \u00a0 \u00a0|\u00a0 \u00a0 \u00a0Salades\u00a0 \u00a0 |\u00a0 \u00a0 \u00a0Sushi\u00a0 \u00a0 \u00a0|\u00a0 \u00a0 \u00a0Poissons\u00a0 |\u00a0 \u00a0 \u00a0Viande Blanche\u00a0 \u00a0 \u00a0 \u00a0 \u00a0|\u00a0 \u00a0 \u00c0 d\u00e9guster seul<\/span><\/p>\n<\/div>\n<\/div>\n<\/div>\n<\/div>\n","protected":false},"featured_media":15554,"comment_status":"open","ping_status":"closed","template":"","meta":{"_joinchat":[]},"product_brand":[],"product_cat":[337,379,376,430,450,424,395,388,389,433,382,452,436,340,341,437,438,377,342,451,407],"product_tag":[378,344,345],"class_list":{"0":"post-16623","1":"product","2":"type-product","3":"status-publish","4":"has-post-thumbnail","6":"product_cat-biologique-fr","7":"product_cat-bodegas-fr","8":"product_cat-cotes-de-gascogne-fr-2","9":"product_cat-cotes-de-gascogne-fr-fr","10":"product_cat-cotes-de-gascogne-france-fr","11":"product_cat-ecologica-fr","12":"product_cat-langagefr","13":"product_cat-organic-en-fr","14":"product_cat-region-3-en-fr","15":"product_cat-region-fr","16":"product_cat-region-2-fr","17":"product_cat-rose-wine-fr","18":"product_cat-tipo-fr","19":"product_cat-type-dagriculture-fr","20":"product_cat-type-de-vin-fr","21":"product_cat-type-of-agriculture-fr","22":"product_cat-type-of-wine-fr","23":"product_cat-uby-winery-distillerie-fr","24":"product_cat-vin-rose-fr","25":"product_cat-vino-rosado-fr","26":"product_cat-viticultura-fr","27":"product_tag-cotes_de_gascogne-fr","28":"product_tag-ecologica-fr","29":"product_tag-vino-rosado-fr","31":"first","32":"instock","33":"shipping-taxable","34":"product-type-simple"},"_links":{"self":[{"href":"https:\/\/justnaturallywine.com\/fr\/wp-json\/wp\/v2\/product\/16623","targetHints":{"allow":["GET"]}}],"collection":[{"href":"https:\/\/justnaturallywine.com\/fr\/wp-json\/wp\/v2\/product"}],"about":[{"href":"https:\/\/justnaturallywine.com\/fr\/wp-json\/wp\/v2\/types\/product"}],"replies":[{"embeddable":true,"href":"https:\/\/justnaturallywine.com\/fr\/wp-json\/wp\/v2\/comments?post=16623"}],"wp:featuredmedia":[{"embeddable":true,"href":"https:\/\/justnaturallywine.com\/fr\/wp-json\/wp\/v2\/media\/15554"}],"wp:attachment":[{"href":"https:\/\/justnaturallywine.com\/fr\/wp-json\/wp\/v2\/media?parent=16623"}],"wp:term":[{"taxonomy":"product_brand","embeddable":true,"href":"https:\/\/justnaturallywine.com\/fr\/wp-json\/wp\/v2\/product_brand?post=16623"},{"taxonomy":"product_cat","embeddable":true,"href":"https:\/\/justnaturallywine.com\/fr\/wp-json\/wp\/v2\/product_cat?post=16623"},{"taxonomy":"product_tag","embeddable":true,"href":"https:\/\/justnaturallywine.com\/fr\/wp-json\/wp\/v2\/product_tag?post=16623"}],"curies":[{"name":"wp","href":"https:\/\/api.w.org\/{rel}","templated":true}]}}