{"id":16630,"date":"2021-07-02T10:11:25","date_gmt":"2021-07-02T10:11:25","guid":{"rendered":"https:\/\/justnaturallywine.com\/producto\/el-marciano-alfredo-maestro\/"},"modified":"2021-12-01T13:47:37","modified_gmt":"2021-12-01T13:47:37","slug":"el-marciano-alfredo-maestro","status":"publish","type":"product","link":"https:\/\/justnaturallywine.com\/fr\/producto\/el-marciano-alfredo-maestro\/","title":{"rendered":"EL MARCIANO<\/br><p style=\"font-size:70%;font-style:italic;\">Alfredo Maestro<\/p>"},"content":{"rendered":"<p class=\"p1\"><b>Mill\u00e9sime: <\/b>2019<\/p>\n<p class=\"p1\"><b>Type d\u2019agriculture: <\/b><i>100% naturel sans sulfites ajout\u00e9s <\/i><\/p>\n<p class=\"p1\"><b>R\u00e9gion: <\/b>D.O. Castilla y Le\u00f3n (ES)<\/p>\n<p class=\"p1\"><b>C\u00e9pages: <\/b>Grenache de 70 ans<\/p>\n<p class=\"p1\"><b>Temp\u00e9rature de service: <\/b>10\/14\u00b0C<\/p>\n<p class=\"p1\"><b>Teneur en alcool: <\/b>13% vol.<\/p>\n<p class=\"p1\"><i>El Marciano est un vin rouge naturel, elabor\u00e9 avec des vielles grenache \u00e2g\u00e9es de 70 ans, cultiv\u00e9es dans la r\u00e9gion d&rsquo;Avila \u00e0 une altitude de 1150 m\u00e8tres. <\/i><\/p>\n<p class=\"p1\"><i>A<\/i><i>romatique et fruit\u00e9 avec des saveurs de cerise et de groseille. Un vin dense, expressif \u00e0 la robe grenat fonc\u00e9 tout simplement d\u00e9licieux et \u00e9quilibr\u00e9. Un vin \u00e0 partager et \u00e0 boire en toute occasion, a boire l\u00e9g\u00e8rement froid. <\/i><\/p>\n<p class=\"p1\"><i>S<\/i><i>eulement 10\u2019000 bouteilles. Vin Naturel, sans sulfites ajout\u00e9s.<span class=\"Apple-converted-space\">\u00a0<\/span><\/i><\/p>\n","protected":false},"excerpt":{"rendered":"<div class=\"page\" title=\"Page 19\">\n<div class=\"section\">\n<div class=\"layoutArea\">\n<div class=\"column\">\n<p class=\"p1\"><span style=\"color: #65232b;\">Ap\u00e9tifis\/Tapas\u00a0 \u00a0 \u00a0|\u00a0 \u00a0 \u00a0Entr\u00e9es\u00a0 \u00a0 \u00a0|\u00a0 \u00a0 \u00a0Paellas\u00a0 \u00a0 \u00a0|\u00a0 \u00a0 \u00a0Viande grill\u00e9\u00a0 \u00a0 \u00a0|\u00a0 \u00a0 \u00a0 Fromages\u00a0 \u00a0 \u00a0|\u00a0 \u00a0 \u00c0 d\u00e9guster seul<\/span><\/p>\n<\/div>\n<\/div>\n<\/div>\n<\/div>\n<p>&nbsp;<\/p>\n","protected":false},"featured_media":15728,"comment_status":"open","ping_status":"closed","template":"","meta":{"_joinchat":[]},"product_brand":[],"product_cat":[446,365,379,462,366,464,395,357,458,389,382,433,436,340,341,437,438,353,454,406,407],"product_tag":[367,359,354],"class_list":{"0":"post-16630","1":"product","2":"type-product","3":"status-publish","4":"has-post-thumbnail","6":"product_cat-100-natural-fr","7":"product_cat-alfredo-maestro-fr","8":"product_cat-bodegas-fr","9":"product_cat-castilla-y-leon-fr","10":"product_cat-castilla-y-leon-esp-fr","11":"product_cat-castilla-y-leon-spain-fr","12":"product_cat-langagefr","13":"product_cat-naturel-fr","14":"product_cat-red-wine-fr","15":"product_cat-region-3-en-fr","16":"product_cat-region-2-fr","17":"product_cat-region-fr","18":"product_cat-tipo-fr","19":"product_cat-type-dagriculture-fr","20":"product_cat-type-de-vin-fr","21":"product_cat-type-of-agriculture-fr","22":"product_cat-type-of-wine-fr","23":"product_cat-vin-rouge-fr","24":"product_cat-vino-tinto-fr","25":"product_cat-convencional-fr","26":"product_cat-viticultura-fr","27":"product_tag-castilla_y_leon-fr","28":"product_tag-natural-fr","29":"product_tag-vino_tinto-fr","31":"first","32":"instock","33":"shipping-taxable","34":"product-type-simple"},"_links":{"self":[{"href":"https:\/\/justnaturallywine.com\/fr\/wp-json\/wp\/v2\/product\/16630","targetHints":{"allow":["GET"]}}],"collection":[{"href":"https:\/\/justnaturallywine.com\/fr\/wp-json\/wp\/v2\/product"}],"about":[{"href":"https:\/\/justnaturallywine.com\/fr\/wp-json\/wp\/v2\/types\/product"}],"replies":[{"embeddable":true,"href":"https:\/\/justnaturallywine.com\/fr\/wp-json\/wp\/v2\/comments?post=16630"}],"wp:featuredmedia":[{"embeddable":true,"href":"https:\/\/justnaturallywine.com\/fr\/wp-json\/wp\/v2\/media\/15728"}],"wp:attachment":[{"href":"https:\/\/justnaturallywine.com\/fr\/wp-json\/wp\/v2\/media?parent=16630"}],"wp:term":[{"taxonomy":"product_brand","embeddable":true,"href":"https:\/\/justnaturallywine.com\/fr\/wp-json\/wp\/v2\/product_brand?post=16630"},{"taxonomy":"product_cat","embeddable":true,"href":"https:\/\/justnaturallywine.com\/fr\/wp-json\/wp\/v2\/product_cat?post=16630"},{"taxonomy":"product_tag","embeddable":true,"href":"https:\/\/justnaturallywine.com\/fr\/wp-json\/wp\/v2\/product_tag?post=16630"}],"curies":[{"name":"wp","href":"https:\/\/api.w.org\/{rel}","templated":true}]}}