{"id":16632,"date":"2021-07-02T10:08:51","date_gmt":"2021-07-02T10:08:51","guid":{"rendered":"https:\/\/justnaturallywine.com\/producto\/les-bornes-tinto-menetou-salon\/"},"modified":"2021-12-01T13:48:58","modified_gmt":"2021-12-01T13:48:58","slug":"les-bornes-tinto-menetou-salon","status":"publish","type":"product","link":"https:\/\/justnaturallywine.com\/fr\/producto\/les-bornes-tinto-menetou-salon\/","title":{"rendered":"LES BORN\u00c9S TINTO<\/br><p style=\"font-size:70%;font-style:italic;\">Domaine Pell\u00e9<\/p>"},"content":{"rendered":"<p class=\"p1\"><b>Mill\u00e9sime: <\/b>2018<\/p>\n<p class=\"p1\"><b>Type d\u2019agriculture: <\/b><i>Raisonn\u00e9e (sans herbicides ni pesticides) <\/i><\/p>\n<p class=\"p1\"><b>R\u00e9gion: <\/b><span class=\"s1\">Menetou-salon &amp; Sancerre (FR) <\/span><\/p>\n<p class=\"p1\"><b>C\u00e9pages: <\/b><span class=\"s1\">100% Pinot Noir <\/span><\/p>\n<p class=\"p1\"><b>Temp\u00e9rature de service: <\/b>12\/14\u00b0C<\/p>\n<p class=\"p1\"><b>Teneur en alcool: <\/b>12,5% vol.<\/p>\n<p class=\"p1\"><i>Un Pinot Noir fin et tr\u00e8s gourmand, o\u00f9 le fruit s\u2019allie \u00e0 une belle mati\u00e8re avec des notes de cerises fra\u00eeches l\u00e9g\u00e8rement \u00e9pic\u00e9e, que du plaisir. <\/i><\/p>\n<p class=\"p1\"><i>L\u00e9ger, expressif et tres facile \u00e0 boire. Un vin \u00e0 partager et \u00e0 boire en toute occasion, servi l\u00e9g\u00e8rement frais.<span class=\"Apple-converted-space\">\u00a0<\/span><\/i><\/p>\n","protected":false},"excerpt":{"rendered":"<div class=\"page\" title=\"Page 14\">\n<div class=\"section\">\n<div class=\"layoutArea\">\n<div class=\"column\">\n<p class=\"p1\"><i>*Recommand\u00e9 pour une cuisine Gastronomique*<span class=\"Apple-converted-space\">\u00a0<\/span><\/i><\/p>\n<p class=\"p1\"><span style=\"color: #65232b;\">Ap\u00e9tifis\/Tapas\u00a0 \u00a0 \u00a0|\u00a0 \u00a0 \u00a0Entr\u00e9es\u00a0 \u00a0 \u00a0|\u00a0 \u00a0 \u00a0Tartare de boeuf\u00a0 \u00a0 \u00a0|\u00a0 \u00a0 \u00a0Paellas \/ Riz\u00a0 \u00a0 \u00a0|\u00a0 \u00a0\u00a0Viande grill\u00e9\u00a0 \u00a0 \u00a0|\u00a0 \u00a0 \u00a0 Fromages\u00a0 \u00a0 \u00a0|\u00a0 \u00a0 \u00c0 d\u00e9guster seul<\/span><\/p>\n<\/div>\n<\/div>\n<\/div>\n<\/div>\n","protected":false},"featured_media":15564,"comment_status":"open","ping_status":"closed","template":"","meta":{"_joinchat":[]},"product_brand":[],"product_cat":[379,373,395,374,465,467,348,458,389,382,433,428,435,436,340,341,437,438,353,454,407],"product_tag":[375,351,354],"class_list":{"0":"post-16632","1":"product","2":"type-product","3":"status-publish","4":"has-post-thumbnail","6":"product_cat-bodegas-fr","7":"product_cat-domaine-pelle-fr","8":"product_cat-langagefr","9":"product_cat-menetou-salon-sancerre-fr-2","10":"product_cat-menetou-salon-sancerre-fr-fr","11":"product_cat-menetou-salon-sancerre-france-fr","12":"product_cat-raisonnee-fr","13":"product_cat-red-wine-fr","14":"product_cat-region-3-en-fr","15":"product_cat-region-2-fr","16":"product_cat-region-fr","17":"product_cat-sostenible-fr","18":"product_cat-sustainable-fr","19":"product_cat-tipo-fr","20":"product_cat-type-dagriculture-fr","21":"product_cat-type-de-vin-fr","22":"product_cat-type-of-agriculture-fr","23":"product_cat-type-of-wine-fr","24":"product_cat-vin-rouge-fr","25":"product_cat-vino-tinto-fr","26":"product_cat-viticultura-fr","27":"product_tag-menetou_salon_sancerre-fr","28":"product_tag-sostenible-fr","29":"product_tag-vino_tinto-fr","31":"first","32":"instock","33":"shipping-taxable","34":"product-type-simple"},"_links":{"self":[{"href":"https:\/\/justnaturallywine.com\/fr\/wp-json\/wp\/v2\/product\/16632","targetHints":{"allow":["GET"]}}],"collection":[{"href":"https:\/\/justnaturallywine.com\/fr\/wp-json\/wp\/v2\/product"}],"about":[{"href":"https:\/\/justnaturallywine.com\/fr\/wp-json\/wp\/v2\/types\/product"}],"replies":[{"embeddable":true,"href":"https:\/\/justnaturallywine.com\/fr\/wp-json\/wp\/v2\/comments?post=16632"}],"wp:featuredmedia":[{"embeddable":true,"href":"https:\/\/justnaturallywine.com\/fr\/wp-json\/wp\/v2\/media\/15564"}],"wp:attachment":[{"href":"https:\/\/justnaturallywine.com\/fr\/wp-json\/wp\/v2\/media?parent=16632"}],"wp:term":[{"taxonomy":"product_brand","embeddable":true,"href":"https:\/\/justnaturallywine.com\/fr\/wp-json\/wp\/v2\/product_brand?post=16632"},{"taxonomy":"product_cat","embeddable":true,"href":"https:\/\/justnaturallywine.com\/fr\/wp-json\/wp\/v2\/product_cat?post=16632"},{"taxonomy":"product_tag","embeddable":true,"href":"https:\/\/justnaturallywine.com\/fr\/wp-json\/wp\/v2\/product_tag?post=16632"}],"curies":[{"name":"wp","href":"https:\/\/api.w.org\/{rel}","templated":true}]}}