{"id":16636,"date":"2021-07-02T10:01:49","date_gmt":"2021-07-02T10:01:49","guid":{"rendered":"https:\/\/justnaturallywine.com\/producto\/rosado-clasico-de-valladolid\/"},"modified":"2021-12-01T13:51:52","modified_gmt":"2021-12-01T13:51:52","slug":"rosado-clasico-de-valladolid","status":"publish","type":"product","link":"https:\/\/justnaturallywine.com\/fr\/producto\/rosado-clasico-de-valladolid\/","title":{"rendered":"ROSADO CL\u00c1SICO de Valladolid<\/br><p style=\"font-size:70%;font-style:italic;\">Alfredo Maestro<\/p>"},"content":{"rendered":"<p class=\"p1\"><b>Mill\u00e9sime: <\/b>2018<\/p>\n<p class=\"p1\"><b>Type d\u2019agriculture: <\/b><i>100% naturel sans sulfites ajout\u00e9s <\/i><\/p>\n<p class=\"p1\"><b>R\u00e9gion: <\/b>D.O. Cigales (Valladolid) (ES)<\/p>\n<p class=\"p1\"><b>C\u00e9pages: <\/b>80% Tempranillo, 20% Autres (Garnacha, Moscatel, Verdejo, Palomino)<\/p>\n<p class=\"p1\"><b>Temp\u00e9rature de service: <\/b>8\/10\u00b0C<\/p>\n<p class=\"p1\"><b>Teneur en alcool: <\/b>14% vol.<\/p>\n<p class=\"p1\"><i>Un ros\u00e9 d\u2019exception, vraiment hors-normes, elabore avec des vignes de 84 ans et vieillis pendant 8 mois en f\u00fbts de ch\u00e2taignier de 2000 litres. <\/i><\/p>\n<p class=\"p1\"><i>Ce vin gastronomique est frais et savoureux ayant des touches de fruits blancs m\u00fbrs l\u00e9g\u00e8rement oxydatifs. Expressif, aromatique, tr\u00e8s agr\u00e9able et facile \u00e0 boire! Un vin \u00e0 partager et \u00e0 boire pour les grandes occasion, servi frais. <\/i><\/p>\n<p class=\"p1\"><i>Seulement 3000 bouteilles &#8211; Vin Naturel, sans sulfites ajout\u00e9s.<span class=\"Apple-converted-space\">\u00a0<\/span><\/i><\/p>\n","protected":false},"excerpt":{"rendered":"<div class=\"page\" title=\"Page 18\">\n<div class=\"section\">\n<div class=\"layoutArea\">\n<div class=\"column\">\n<p class=\"p1\"><i>*Recommand\u00e9 pour une cuisine Gastronomique*<span class=\"Apple-converted-space\">\u00a0<\/span><\/i><\/p>\n<p class=\"p1\"><span style=\"color: #65232b;\">Ap\u00e9tifis\/Tapas\u00a0 \u00a0 \u00a0|\u00a0 \u00a0 \u00a0Entr\u00e9es\u00a0 \u00a0 \u00a0|\u00a0 \u00a0 \u00a0Sushi\u00a0 \u00a0 \u00a0|\u00a0 \u00a0 \u00a0Poisson\u00a0 \u00a0 \u00a0| \u00a0Viande grill\u00e9\u00a0 \u00a0 \u00a0|\u00a0 \u00a0 \u00a0 Fromages\u00a0 \u00a0 \u00a0|\u00a0 \u00a0 \u00c0 d\u00e9guster seul<\/span><\/p>\n<\/div>\n<\/div>\n<\/div>\n<\/div>\n","protected":false},"featured_media":15568,"comment_status":"open","ping_status":"closed","template":"","meta":{"_joinchat":[]},"product_brand":[],"product_cat":[446,365,379,395,357,389,382,433,452,436,340,341,437,438,472,368,474,342,451,406,407],"product_tag":[369,359,345],"class_list":{"0":"post-16636","1":"product","2":"type-product","3":"status-publish","4":"has-post-thumbnail","6":"product_cat-100-natural-fr","7":"product_cat-alfredo-maestro-fr","8":"product_cat-bodegas-fr","9":"product_cat-langagefr","10":"product_cat-naturel-fr","11":"product_cat-region-3-en-fr","12":"product_cat-region-2-fr","13":"product_cat-region-fr","14":"product_cat-rose-wine-fr","15":"product_cat-tipo-fr","16":"product_cat-type-dagriculture-fr","17":"product_cat-type-de-vin-fr","18":"product_cat-type-of-agriculture-fr","19":"product_cat-type-of-wine-fr","20":"product_cat-valladolid-fr","21":"product_cat-valladolid-esp-fr","22":"product_cat-valladolid-spain-fr","23":"product_cat-vin-rose-fr","24":"product_cat-vino-rosado-fr","25":"product_cat-convencional-fr","26":"product_cat-viticultura-fr","27":"product_tag-cigales-fr","28":"product_tag-natural-fr","29":"product_tag-vino-rosado-fr","31":"first","32":"instock","33":"shipping-taxable","34":"product-type-simple"},"_links":{"self":[{"href":"https:\/\/justnaturallywine.com\/fr\/wp-json\/wp\/v2\/product\/16636","targetHints":{"allow":["GET"]}}],"collection":[{"href":"https:\/\/justnaturallywine.com\/fr\/wp-json\/wp\/v2\/product"}],"about":[{"href":"https:\/\/justnaturallywine.com\/fr\/wp-json\/wp\/v2\/types\/product"}],"replies":[{"embeddable":true,"href":"https:\/\/justnaturallywine.com\/fr\/wp-json\/wp\/v2\/comments?post=16636"}],"wp:featuredmedia":[{"embeddable":true,"href":"https:\/\/justnaturallywine.com\/fr\/wp-json\/wp\/v2\/media\/15568"}],"wp:attachment":[{"href":"https:\/\/justnaturallywine.com\/fr\/wp-json\/wp\/v2\/media?parent=16636"}],"wp:term":[{"taxonomy":"product_brand","embeddable":true,"href":"https:\/\/justnaturallywine.com\/fr\/wp-json\/wp\/v2\/product_brand?post=16636"},{"taxonomy":"product_cat","embeddable":true,"href":"https:\/\/justnaturallywine.com\/fr\/wp-json\/wp\/v2\/product_cat?post=16636"},{"taxonomy":"product_tag","embeddable":true,"href":"https:\/\/justnaturallywine.com\/fr\/wp-json\/wp\/v2\/product_tag?post=16636"}],"curies":[{"name":"wp","href":"https:\/\/api.w.org\/{rel}","templated":true}]}}