{"id":16638,"date":"2021-07-02T09:59:40","date_gmt":"2021-07-02T09:59:40","guid":{"rendered":"https:\/\/justnaturallywine.com\/producto\/sparkling-love-domaine-leoube\/"},"modified":"2021-12-01T13:53:47","modified_gmt":"2021-12-01T13:53:47","slug":"sparkling-love-domaine-leoube","status":"publish","type":"product","link":"https:\/\/justnaturallywine.com\/fr\/producto\/sparkling-love-domaine-leoube\/","title":{"rendered":"SPARKLING LOVE BY L\u00c9OUBE<\/br><p style=\"font-size:70%;font-style:italic;\"> Ch\u00e2teau L\u00e9oube <\/p>"},"content":{"rendered":"<p class=\"p1\"><b>Mill\u00e9sime: <\/b>2020<\/p>\n<p class=\"p1\"><b>Type d\u2019agriculture: <\/b><i>Biologique <\/i><\/p>\n<p class=\"p1\"><b>R\u00e9gion: <\/b>AOC C\u00f4tes de Provence (FR)<\/p>\n<p class=\"p1\"><b>C\u00e9pages: <\/b>Grenache &#8211; Cinsault<\/p>\n<p class=\"p1\"><b>Temp\u00e9rature de service: <\/b>6\/8\u00b0C<\/p>\n<p class=\"p1\"><b>Teneur en alcool: <\/b>12% vol.<\/p>\n<p class=\"p1\"><i>Un P\u00e9tillant ros\u00e9 BRUT-BIO fin et \u00e9l\u00e9gant, d\u2019un \u00e9quilibre parfait, entre fra\u00eecheur et rondeur, il s\u00e9duira vos papilles avec ses ar\u00f4mes fruit\u00e9s, rappelant le melon et la p\u00eache. Gourmand et convivial. <\/i><\/p>\n<p class=\"p1\"><i>L\u00e9ger et agr\u00e9able lors des chaudes journ\u00e9es d&rsquo;\u00e9t\u00e9. Un vin \u00e0 partager et \u00e0 boire en toute occasion, servi tr\u00e8s frais.<span class=\"Apple-converted-space\">\u00a0<\/span><\/i><\/p>\n","protected":false},"excerpt":{"rendered":"<p class=\"p1\"><span style=\"color: #65232b;\">Ap\u00e9tifis\/Tapas\u00a0 \u00a0 \u00a0|\u00a0 \u00a0 \u00a0Salades\u00a0 \u00a0 \u00a0|\u00a0 \u00a0 \u00a0Cusine asiatique\u00a0 \u00a0 \u00a0|\u00a0 \u00a0 \u00a0Poissons crus\u00a0 \u00a0 |\u00a0 \u00a0 \u00a0Sushi\u00a0 \u00a0 \u00a0|\u00a0 \u00a0 \u00a0 Viande rouge crue\u00a0 \u00a0 \u00a0|\u00a0 \u00a0 \u00c0 d\u00e9guster seul<\/span><\/p>\n","protected":false},"featured_media":15720,"comment_status":"open","ping_status":"closed","template":"","meta":{"_joinchat":[]},"product_brand":[],"product_cat":[337,379,423,362,387,338,339,475,478,424,395,388,382,389,433,452,436,340,341,437,438,342,451,407],"product_tag":[343,344,345],"class_list":{"0":"post-16638","1":"product","2":"type-product","3":"status-publish","4":"has-post-thumbnail","6":"product_cat-biologique-fr","7":"product_cat-bodegas-fr","8":"product_cat-cava-fr","9":"product_cat-cava-champagne-petillant-fr","10":"product_cat-cava-champagne-sparkling-en-fr","11":"product_cat-chateau-leoube-fr","12":"product_cat-cotes-de-provence-fr-2","13":"product_cat-cotes-de-provence-fr-fr","14":"product_cat-cotes-de-provence-france-fr","15":"product_cat-ecologica-fr","16":"product_cat-langagefr","17":"product_cat-organic-en-fr","18":"product_cat-region-2-fr","19":"product_cat-region-3-en-fr","20":"product_cat-region-fr","21":"product_cat-rose-wine-fr","22":"product_cat-tipo-fr","23":"product_cat-type-dagriculture-fr","24":"product_cat-type-de-vin-fr","25":"product_cat-type-of-agriculture-fr","26":"product_cat-type-of-wine-fr","27":"product_cat-vin-rose-fr","28":"product_cat-vino-rosado-fr","29":"product_cat-viticultura-fr","30":"product_tag-cotes_de_provence-fr","31":"product_tag-ecologica-fr","32":"product_tag-vino-rosado-fr","34":"first","35":"instock","36":"shipping-taxable","37":"product-type-simple"},"_links":{"self":[{"href":"https:\/\/justnaturallywine.com\/fr\/wp-json\/wp\/v2\/product\/16638","targetHints":{"allow":["GET"]}}],"collection":[{"href":"https:\/\/justnaturallywine.com\/fr\/wp-json\/wp\/v2\/product"}],"about":[{"href":"https:\/\/justnaturallywine.com\/fr\/wp-json\/wp\/v2\/types\/product"}],"replies":[{"embeddable":true,"href":"https:\/\/justnaturallywine.com\/fr\/wp-json\/wp\/v2\/comments?post=16638"}],"wp:featuredmedia":[{"embeddable":true,"href":"https:\/\/justnaturallywine.com\/fr\/wp-json\/wp\/v2\/media\/15720"}],"wp:attachment":[{"href":"https:\/\/justnaturallywine.com\/fr\/wp-json\/wp\/v2\/media?parent=16638"}],"wp:term":[{"taxonomy":"product_brand","embeddable":true,"href":"https:\/\/justnaturallywine.com\/fr\/wp-json\/wp\/v2\/product_brand?post=16638"},{"taxonomy":"product_cat","embeddable":true,"href":"https:\/\/justnaturallywine.com\/fr\/wp-json\/wp\/v2\/product_cat?post=16638"},{"taxonomy":"product_tag","embeddable":true,"href":"https:\/\/justnaturallywine.com\/fr\/wp-json\/wp\/v2\/product_tag?post=16638"}],"curies":[{"name":"wp","href":"https:\/\/api.w.org\/{rel}","templated":true}]}}