{"id":16639,"date":"2021-07-02T09:57:36","date_gmt":"2021-07-02T09:57:36","guid":{"rendered":"https:\/\/justnaturallywine.com\/producto\/pasion-de-bobal-bodega-sierra-norte\/"},"modified":"2021-12-01T13:55:08","modified_gmt":"2021-12-01T13:55:08","slug":"pasion-de-bobal-bodega-sierra-norte","status":"publish","type":"product","link":"https:\/\/justnaturallywine.com\/fr\/producto\/pasion-de-bobal-bodega-sierra-norte\/","title":{"rendered":"PASI\u00d3N DE BOBAL<\/br><p style=\"font-size:70%;font-style:italic;\">Bodega Sierra Norte<\/p>"},"content":{"rendered":"<p class=\"p1\"><b>Mill\u00e9sime: <\/b>2020<\/p>\n<p class=\"p1\"><b>Type d\u2019agriculture: <\/b><i>Biologique <\/i><\/p>\n<p class=\"p1\"><b>R\u00e9gion: <\/b>D.O. Utiel-Requena &#8211; Valencia (ES)<\/p>\n<p class=\"p1\"><b>C\u00e9pages: <\/b>100% Bobal<\/p>\n<p class=\"p1\"><b>Temp\u00e9rature de service: <\/b>8\u00b0C<\/p>\n<p class=\"p1\"><b>Teneur en alcool: <\/b>12,5% vol.<\/p>\n<p class=\"p1\"><i>Un vin ros\u00e9 Bio fin et subtil, dot\u00e9 d\u2019une belle fra\u00eecheur, ayant des subtiles notes de fruits rouges et de p\u00e9tales de rose. Tr\u00e8s savoureux et bien \u00e9quilibr\u00e9. L\u00e9ger et tr\u00e8s agr\u00e9able pendant les chaudes journ\u00e9es d&rsquo;\u00e9t\u00e9. <\/i><\/p>\n<p class=\"p1\"><i>Un vin \u00e0 partager et \u00e0 boire en toute occasion, servi tr\u00e8s frais.<span class=\"Apple-converted-space\">\u00a0<\/span><\/i><\/p>\n","protected":false},"excerpt":{"rendered":"<div class=\"page\" title=\"Page 8\">\n<div class=\"section\">\n<div class=\"layoutArea\">\n<div class=\"column\">\n<p class=\"p1\"><span style=\"color: #65232b;\">Ap\u00e9tifis\/Tapas\u00a0 \u00a0 \u00a0|\u00a0 \u00a0 \u00a0Fruits Salades mer\u00a0 \u00a0 \u00a0|\u00a0 \u00a0 \u00a0Sushi\u00a0 \u00a0 \u00a0|\u00a0 \u00a0 \u00a0Poissons\u00a0 \u00a0|\u00a0 \u00a0 \u00a0Paellas\u00a0 \u00a0 \u00a0|\u00a0 \u00a0 \u00a0 Viandes blanches\u00a0 \u00a0 \u00a0|\u00a0 \u00a0 \u00c0 d\u00e9guster seul<\/span><\/p>\n<\/div>\n<\/div>\n<\/div>\n<\/div>\n","protected":false},"featured_media":15724,"comment_status":"open","ping_status":"closed","template":"","meta":{"_joinchat":[]},"product_brand":[],"product_cat":[337,379,424,395,388,389,382,433,452,384,436,340,341,437,438,425,385,390,342,451,407],"product_tag":[343,344,345],"class_list":{"0":"post-16639","1":"product","2":"type-product","3":"status-publish","4":"has-post-thumbnail","6":"product_cat-biologique-fr","7":"product_cat-bodegas-fr","8":"product_cat-ecologica-fr","9":"product_cat-langagefr","10":"product_cat-organic-en-fr","11":"product_cat-region-3-en-fr","12":"product_cat-region-2-fr","13":"product_cat-region-fr","14":"product_cat-rose-wine-fr","15":"product_cat-sierra-norte-bodega-fr","16":"product_cat-tipo-fr","17":"product_cat-type-dagriculture-fr","18":"product_cat-type-de-vin-fr","19":"product_cat-type-of-agriculture-fr","20":"product_cat-type-of-wine-fr","21":"product_cat-valencia-fr","22":"product_cat-valencia-esp-fr","23":"product_cat-valencia-spain-en-fr","24":"product_cat-vin-rose-fr","25":"product_cat-vino-rosado-fr","26":"product_cat-viticultura-fr","27":"product_tag-cotes_de_provence-fr","28":"product_tag-ecologica-fr","29":"product_tag-vino-rosado-fr","31":"first","32":"instock","33":"shipping-taxable","34":"product-type-simple"},"_links":{"self":[{"href":"https:\/\/justnaturallywine.com\/fr\/wp-json\/wp\/v2\/product\/16639","targetHints":{"allow":["GET"]}}],"collection":[{"href":"https:\/\/justnaturallywine.com\/fr\/wp-json\/wp\/v2\/product"}],"about":[{"href":"https:\/\/justnaturallywine.com\/fr\/wp-json\/wp\/v2\/types\/product"}],"replies":[{"embeddable":true,"href":"https:\/\/justnaturallywine.com\/fr\/wp-json\/wp\/v2\/comments?post=16639"}],"wp:featuredmedia":[{"embeddable":true,"href":"https:\/\/justnaturallywine.com\/fr\/wp-json\/wp\/v2\/media\/15724"}],"wp:attachment":[{"href":"https:\/\/justnaturallywine.com\/fr\/wp-json\/wp\/v2\/media?parent=16639"}],"wp:term":[{"taxonomy":"product_brand","embeddable":true,"href":"https:\/\/justnaturallywine.com\/fr\/wp-json\/wp\/v2\/product_brand?post=16639"},{"taxonomy":"product_cat","embeddable":true,"href":"https:\/\/justnaturallywine.com\/fr\/wp-json\/wp\/v2\/product_cat?post=16639"},{"taxonomy":"product_tag","embeddable":true,"href":"https:\/\/justnaturallywine.com\/fr\/wp-json\/wp\/v2\/product_tag?post=16639"}],"curies":[{"name":"wp","href":"https:\/\/api.w.org\/{rel}","templated":true}]}}