{"id":16641,"date":"2021-07-02T09:54:49","date_gmt":"2021-07-02T09:54:49","guid":{"rendered":"https:\/\/justnaturallywine.com\/producto\/love-by-leoube-domaine-leoube\/"},"modified":"2021-12-01T13:56:18","modified_gmt":"2021-12-01T13:56:18","slug":"love-by-leoube-domaine-leoube","status":"publish","type":"product","link":"https:\/\/justnaturallywine.com\/fr\/producto\/love-by-leoube-domaine-leoube\/","title":{"rendered":"LOVE BY L\u00c9OUBE<\/br><p style=\"font-size:70%;font-style:italic;\"> Ch\u00e2teau L\u00e9oube<\/p>"},"content":{"rendered":"<p class=\"p1\"><b>Mill\u00e9sime: <\/b>2020<\/p>\n<p class=\"p1\"><b>Type d\u2019agriculture: <\/b><i>Biologique <\/i><\/p>\n<p class=\"p1\"><b>R\u00e9gion: <\/b>AOC C\u00f4tes de Provence (FR)<\/p>\n<p class=\"p1\"><b>C\u00e9pages: <\/b>Grenache &#8211; Cinsault<\/p>\n<p class=\"p1\"><b>Temp\u00e9rature de service: <\/b>8\u00b0C<\/p>\n<p class=\"p1\"><b>Teneur en alcool: <\/b>13% vol.<\/p>\n<p class=\"p1\"><i>Un sublime ros\u00e9 Bio, tr\u00e8s fin et \u00e9l\u00e9gant, avec beaucoup de fra\u00eecheur dans lequel on retrouve des notes fruit\u00e9es d&rsquo;agrumes m\u00eal\u00e9es \u00e0 des ar\u00f4mes de fruits rouges, tr\u00e8s bien \u00e9quilibr\u00e9s. <\/i><\/p>\n<p class=\"p1\"><i>L\u00e9ger et tr\u00e8s d\u00e9salt\u00e9rant lors des chaudes journ\u00e9es d&rsquo;\u00e9t\u00e9. Un vin \u00e0 partager et \u00e0 boire en toute occasion, servi tr\u00e8s frais.<span class=\"Apple-converted-space\">\u00a0<\/span><\/i><\/p>\n","protected":false},"excerpt":{"rendered":"<div class=\"page\" title=\"Page 4\">\n<div class=\"section\">\n<div class=\"layoutArea\">\n<div class=\"column\">\n<p class=\"p1\"><i>*Recommand\u00e9 pour une cuisine Gastronomique*<span class=\"Apple-converted-space\">\u00a0<\/span><\/i><\/p>\n<p class=\"p1\"><span style=\"color: #65232b;\">Ap\u00e9tifis\/Tapas\u00a0 \u00a0 \u00a0|\u00a0 \u00a0 \u00a0Salades\u00a0 \u00a0 \u00a0|\u00a0 \u00a0 \u00a0Cusine asiatique\u00a0 \u00a0 \u00a0|\u00a0 \u00a0 \u00a0Poissons crus\u00a0 \u00a0 |\u00a0 \u00a0 \u00a0Sushi\u00a0 \u00a0 \u00a0|\u00a0 \u00a0 \u00a0 Viande blanche\u00a0 \u00a0 \u00a0|\u00a0 \u00a0 \u00c0 d\u00e9guster seul<\/span><\/p>\n<\/div>\n<\/div>\n<\/div>\n<\/div>\n","protected":false},"featured_media":15722,"comment_status":"open","ping_status":"closed","template":"","meta":{"_joinchat":[]},"product_brand":[],"product_cat":[337,379,338,339,475,478,424,395,388,433,389,382,452,436,340,341,437,438,342,451,407],"product_tag":[343,344,345],"class_list":{"0":"post-16641","1":"product","2":"type-product","3":"status-publish","4":"has-post-thumbnail","6":"product_cat-biologique-fr","7":"product_cat-bodegas-fr","8":"product_cat-chateau-leoube-fr","9":"product_cat-cotes-de-provence-fr-2","10":"product_cat-cotes-de-provence-fr-fr","11":"product_cat-cotes-de-provence-france-fr","12":"product_cat-ecologica-fr","13":"product_cat-langagefr","14":"product_cat-organic-en-fr","15":"product_cat-region-fr","16":"product_cat-region-3-en-fr","17":"product_cat-region-2-fr","18":"product_cat-rose-wine-fr","19":"product_cat-tipo-fr","20":"product_cat-type-dagriculture-fr","21":"product_cat-type-de-vin-fr","22":"product_cat-type-of-agriculture-fr","23":"product_cat-type-of-wine-fr","24":"product_cat-vin-rose-fr","25":"product_cat-vino-rosado-fr","26":"product_cat-viticultura-fr","27":"product_tag-cotes_de_provence-fr","28":"product_tag-ecologica-fr","29":"product_tag-vino-rosado-fr","31":"first","32":"instock","33":"shipping-taxable","34":"product-type-simple"},"_links":{"self":[{"href":"https:\/\/justnaturallywine.com\/fr\/wp-json\/wp\/v2\/product\/16641","targetHints":{"allow":["GET"]}}],"collection":[{"href":"https:\/\/justnaturallywine.com\/fr\/wp-json\/wp\/v2\/product"}],"about":[{"href":"https:\/\/justnaturallywine.com\/fr\/wp-json\/wp\/v2\/types\/product"}],"replies":[{"embeddable":true,"href":"https:\/\/justnaturallywine.com\/fr\/wp-json\/wp\/v2\/comments?post=16641"}],"wp:featuredmedia":[{"embeddable":true,"href":"https:\/\/justnaturallywine.com\/fr\/wp-json\/wp\/v2\/media\/15722"}],"wp:attachment":[{"href":"https:\/\/justnaturallywine.com\/fr\/wp-json\/wp\/v2\/media?parent=16641"}],"wp:term":[{"taxonomy":"product_brand","embeddable":true,"href":"https:\/\/justnaturallywine.com\/fr\/wp-json\/wp\/v2\/product_brand?post=16641"},{"taxonomy":"product_cat","embeddable":true,"href":"https:\/\/justnaturallywine.com\/fr\/wp-json\/wp\/v2\/product_cat?post=16641"},{"taxonomy":"product_tag","embeddable":true,"href":"https:\/\/justnaturallywine.com\/fr\/wp-json\/wp\/v2\/product_tag?post=16641"}],"curies":[{"name":"wp","href":"https:\/\/api.w.org\/{rel}","templated":true}]}}