{"id":16651,"date":"2021-07-02T09:43:30","date_gmt":"2021-07-02T09:43:30","guid":{"rendered":"https:\/\/justnaturallywine.com\/producto\/pasion-cuve-brut-nature\/"},"modified":"2021-12-01T14:00:26","modified_gmt":"2021-12-01T14:00:26","slug":"pasion-cuve-brut-nature","status":"publish","type":"product","link":"https:\/\/justnaturallywine.com\/fr\/producto\/pasion-cuve-brut-nature\/","title":{"rendered":"PASI\u00d3N CUVE  Brut Nature<\/br><p style=\"font-size:70%;font-style:italic;\">Bodega Sierra Norte<\/p>"},"content":{"rendered":"<p class=\"p1\"><b>Type d\u2019agriculture: <\/b><i>Biologique <\/i><\/p>\n<p class=\"p1\"><b>R\u00e9gion: <\/b>D.O. Cava &#8211; Valencia (ES)<\/p>\n<p class=\"p1\"><b>C\u00e9pages: <\/b>Chardonnay 50% &#8211; Macabeo 30% &#8211; Xarel\u00b7lo 20%<\/p>\n<p class=\"p1\"><b>Temp\u00e9rature de service: <\/b>6\/8\u00b0C<\/p>\n<p class=\"p1\"><b>Teneur en alcool: <\/b>11,5% vol.<\/p>\n<p class=\"p1\"><i>CAVA BIO Brut Nature, tr\u00e8s frais et cr\u00e9meux avec des fine et abondante bulle, ayant des notes de p\u00eache, d\u2019agrumes et subtilement brioch\u00e9e. <\/i><\/p>\n<p class=\"p1\"><i>L<\/i><i>eger, expressif et tr\u00e8s agr\u00e9able pendant les chaudes journ\u00e9es d&rsquo;\u00e9t\u00e9. Un vin \u00e0 partager et \u00e0 boire en toute occasion, servi tr\u00e8s frais<span class=\"Apple-converted-space\">\u00a0<\/span><\/i><\/p>\n","protected":false},"excerpt":{"rendered":"<div class=\"page\" title=\"Page 9\">\n<div class=\"section\">\n<div class=\"layoutArea\">\n<div class=\"column\">\n<p class=\"p1\"><i>*Recommand\u00e9 pour une cuisine Gastronomique*<span class=\"Apple-converted-space\">\u00a0<\/span><\/i><\/p>\n<p class=\"p1\"><span style=\"color: #65232b;\">Ap\u00e9tifis\/Tapas\u00a0 \u00a0 \u00a0|\u00a0 \u00a0 \u00a0Fruits de mer\u00a0 \u00a0 \u00a0|\u00a0 \u00a0 \u00a0Sushi\u00a0 \u00a0 \u00a0|\u00a0 \u00a0 \u00a0Poissons\u00a0 \u00a0 \u00a0|\u00a0 \u00a0 \u00a0Viande blanche\u00a0 \u00a0 \u00a0|\u00a0 \u00a0 \u00c0 d\u00e9guster seul<\/span><\/p>\n<\/div>\n<\/div>\n<\/div>\n<\/div>\n<p>&nbsp;<\/p>\n<p><!--more--><\/p>\n","protected":false},"featured_media":15582,"comment_status":"open","ping_status":"closed","template":"","meta":{"_joinchat":[]},"product_brand":[],"product_cat":[337,379,423,362,387,373,424,395,388,389,382,433,436,340,341,437,438,425,385,390,407],"product_tag":[364,344],"class_list":{"0":"post-16651","1":"product","2":"type-product","3":"status-publish","4":"has-post-thumbnail","6":"product_cat-biologique-fr","7":"product_cat-bodegas-fr","8":"product_cat-cava-fr","9":"product_cat-cava-champagne-petillant-fr","10":"product_cat-cava-champagne-sparkling-en-fr","11":"product_cat-domaine-pelle-fr","12":"product_cat-ecologica-fr","13":"product_cat-langagefr","14":"product_cat-organic-en-fr","15":"product_cat-region-3-en-fr","16":"product_cat-region-2-fr","17":"product_cat-region-fr","18":"product_cat-tipo-fr","19":"product_cat-type-dagriculture-fr","20":"product_cat-type-de-vin-fr","21":"product_cat-type-of-agriculture-fr","22":"product_cat-type-of-wine-fr","23":"product_cat-valencia-fr","24":"product_cat-valencia-esp-fr","25":"product_cat-valencia-spain-en-fr","26":"product_cat-viticultura-fr","27":"product_tag-cava-fr","28":"product_tag-ecologica-fr","30":"first","31":"instock","32":"shipping-taxable","33":"product-type-simple"},"_links":{"self":[{"href":"https:\/\/justnaturallywine.com\/fr\/wp-json\/wp\/v2\/product\/16651","targetHints":{"allow":["GET"]}}],"collection":[{"href":"https:\/\/justnaturallywine.com\/fr\/wp-json\/wp\/v2\/product"}],"about":[{"href":"https:\/\/justnaturallywine.com\/fr\/wp-json\/wp\/v2\/types\/product"}],"replies":[{"embeddable":true,"href":"https:\/\/justnaturallywine.com\/fr\/wp-json\/wp\/v2\/comments?post=16651"}],"wp:featuredmedia":[{"embeddable":true,"href":"https:\/\/justnaturallywine.com\/fr\/wp-json\/wp\/v2\/media\/15582"}],"wp:attachment":[{"href":"https:\/\/justnaturallywine.com\/fr\/wp-json\/wp\/v2\/media?parent=16651"}],"wp:term":[{"taxonomy":"product_brand","embeddable":true,"href":"https:\/\/justnaturallywine.com\/fr\/wp-json\/wp\/v2\/product_brand?post=16651"},{"taxonomy":"product_cat","embeddable":true,"href":"https:\/\/justnaturallywine.com\/fr\/wp-json\/wp\/v2\/product_cat?post=16651"},{"taxonomy":"product_tag","embeddable":true,"href":"https:\/\/justnaturallywine.com\/fr\/wp-json\/wp\/v2\/product_tag?post=16651"}],"curies":[{"name":"wp","href":"https:\/\/api.w.org\/{rel}","templated":true}]}}