{"id":16653,"date":"2021-07-02T09:40:55","date_gmt":"2021-07-02T09:40:55","guid":{"rendered":"https:\/\/justnaturallywine.com\/producto\/brut-rose-alfredo-maestro\/"},"modified":"2021-12-01T14:02:16","modified_gmt":"2021-12-01T14:02:16","slug":"brut-rose-alfredo-maestro","status":"publish","type":"product","link":"https:\/\/justnaturallywine.com\/fr\/producto\/brut-rose-alfredo-maestro\/","title":{"rendered":"BRUT ROSE<\/br><p style=\"font-size:70%;font-style:italic;\">Alfredo Maestro<\/p>"},"content":{"rendered":"<p class=\"p1\"><b>Mill\u00e9sime: <\/b>2019<\/p>\n<p class=\"p1\"><b>Type d\u2019agriculture: <\/b><i>100% naturel sans sulfites ajout\u00e9s <\/i><\/p>\n<p class=\"p1\"><b>R\u00e9gion: <\/b>D.O. Cigales (Valladolid) (ES)<\/p>\n<p class=\"p1\"><b>C\u00e9pages: <\/b>95 % Pinot Noir &#8211; 5% Garnacha Tintorera<\/p>\n<p class=\"p1\"><b>Temp\u00e9rature de service: <\/b>6\/10\u00b0C<\/p>\n<p class=\"p1\"><b>Teneur en alcool: <\/b>11% vol.<\/p>\n<p class=\"p1\"><i>Mousseux Naturel Brut ros\u00e9 \u00e9labor\u00e9 selon la \u00ab\u00a0M\u00e9thode Ancestrale\u00a0\u00bb. 9 mois d&rsquo;\u00e9levage en bouteille avec ses lies. <\/i><\/p>\n<p class=\"p1\"><i>L\u00e9ger, expressif et f\u00e1cil a boire, ayant des fine bulles et notes de fraise fra\u00eeche. Tr\u00e8s agr\u00e9able pendant les chaudes journ\u00e9es d&rsquo;\u00e9t\u00e9. Un vin \u00e0 partager et \u00e0 boire en toute occasion, servi tr\u00e8s froid. <\/i><\/p>\n<p class=\"p1\"><i>Seulement 3000 bouteilles. Vin Naturel, sans sulfites ajout\u00e9s.<span class=\"Apple-converted-space\">\u00a0<\/span><\/i><\/p>\n","protected":false},"excerpt":{"rendered":"<div class=\"page\" title=\"Page 17\">\n<div class=\"section\">\n<div class=\"layoutArea\">\n<div class=\"column\">\n<p class=\"p1\"><i>*Recommand\u00e9 pour une cuisine Gastronomique*<span class=\"Apple-converted-space\">\u00a0<\/span><\/i><\/p>\n<p class=\"p1\"><span style=\"color: #65232b;\">Ap\u00e9tifis\/Tapas\u00a0 \u00a0 \u00a0|\u00a0 \u00a0 \u00a0Salades\u00a0 \u00a0 \u00a0|\u00a0 \u00a0 \u00a0Entr\u00e9es\u00a0 \u00a0 \u00a0|\u00a0 \u00a0 \u00a0Poissons\u00a0 \u00a0 |\u00a0 \u00a0 \u00a0Sushi\u00a0 \u00a0 \u00a0|\u00a0 \u00a0 \u00a0 Viandes blandes \u00a0|\u00a0 \u00a0 \u00a0 Fromages\u00a0 \u00a0|\u00a0 \u00a0 \u00c0 d\u00e9guster seul<\/span><\/p>\n<\/div>\n<\/div>\n<\/div>\n<\/div>\n","protected":false},"featured_media":15584,"comment_status":"open","ping_status":"closed","template":"","meta":{"_joinchat":[]},"product_brand":[],"product_cat":[446,365,337,379,423,362,387,424,395,357,388,382,389,433,436,340,341,437,438,472,368,474,406,407],"product_tag":[364,369,359],"class_list":{"0":"post-16653","1":"product","2":"type-product","3":"status-publish","4":"has-post-thumbnail","6":"product_cat-100-natural-fr","7":"product_cat-alfredo-maestro-fr","8":"product_cat-biologique-fr","9":"product_cat-bodegas-fr","10":"product_cat-cava-fr","11":"product_cat-cava-champagne-petillant-fr","12":"product_cat-cava-champagne-sparkling-en-fr","13":"product_cat-ecologica-fr","14":"product_cat-langagefr","15":"product_cat-naturel-fr","16":"product_cat-organic-en-fr","17":"product_cat-region-2-fr","18":"product_cat-region-3-en-fr","19":"product_cat-region-fr","20":"product_cat-tipo-fr","21":"product_cat-type-dagriculture-fr","22":"product_cat-type-de-vin-fr","23":"product_cat-type-of-agriculture-fr","24":"product_cat-type-of-wine-fr","25":"product_cat-valladolid-fr","26":"product_cat-valladolid-esp-fr","27":"product_cat-valladolid-spain-fr","28":"product_cat-convencional-fr","29":"product_cat-viticultura-fr","30":"product_tag-cava-fr","31":"product_tag-cigales-fr","32":"product_tag-natural-fr","34":"first","35":"instock","36":"shipping-taxable","37":"product-type-simple"},"_links":{"self":[{"href":"https:\/\/justnaturallywine.com\/fr\/wp-json\/wp\/v2\/product\/16653","targetHints":{"allow":["GET"]}}],"collection":[{"href":"https:\/\/justnaturallywine.com\/fr\/wp-json\/wp\/v2\/product"}],"about":[{"href":"https:\/\/justnaturallywine.com\/fr\/wp-json\/wp\/v2\/types\/product"}],"replies":[{"embeddable":true,"href":"https:\/\/justnaturallywine.com\/fr\/wp-json\/wp\/v2\/comments?post=16653"}],"wp:featuredmedia":[{"embeddable":true,"href":"https:\/\/justnaturallywine.com\/fr\/wp-json\/wp\/v2\/media\/15584"}],"wp:attachment":[{"href":"https:\/\/justnaturallywine.com\/fr\/wp-json\/wp\/v2\/media?parent=16653"}],"wp:term":[{"taxonomy":"product_brand","embeddable":true,"href":"https:\/\/justnaturallywine.com\/fr\/wp-json\/wp\/v2\/product_brand?post=16653"},{"taxonomy":"product_cat","embeddable":true,"href":"https:\/\/justnaturallywine.com\/fr\/wp-json\/wp\/v2\/product_cat?post=16653"},{"taxonomy":"product_tag","embeddable":true,"href":"https:\/\/justnaturallywine.com\/fr\/wp-json\/wp\/v2\/product_tag?post=16653"}],"curies":[{"name":"wp","href":"https:\/\/api.w.org\/{rel}","templated":true}]}}