{"id":16655,"date":"2021-07-02T09:37:28","date_gmt":"2021-07-02T09:37:28","guid":{"rendered":"https:\/\/justnaturallywine.com\/producto\/pasion-de-moscatel-bodega-sierra-norte\/"},"modified":"2021-12-01T14:03:59","modified_gmt":"2021-12-01T14:03:59","slug":"pasion-de-moscatel-bodega-sierra-norte","status":"publish","type":"product","link":"https:\/\/justnaturallywine.com\/fr\/producto\/pasion-de-moscatel-bodega-sierra-norte\/","title":{"rendered":"PASI\u00d3N DE MOSCATEL<\/br><p style=\"font-size:70%;font-style:italic;\">Bodega Sierra Norte<\/p>"},"content":{"rendered":"<p class=\"p1\"><b>Mill\u00e9sime: <\/b>2020<\/p>\n<p class=\"p1\"><b>Type d\u2019agriculture: <\/b><i>Biologique <\/i><\/p>\n<p class=\"p1\"><b>R\u00e9gion: <\/b>D.O. Utiel-Requena &#8211; Valencia (ES)<\/p>\n<p class=\"p1\"><b>C\u00e9pages: <\/b>100% Muscat<\/p>\n<p class=\"p1\"><b>Temp\u00e9rature de service: <\/b>7\u00b0C<\/p>\n<p class=\"p1\"><b>Teneur en alcool: <\/b>12,5% vol.<\/p>\n<p class=\"p1\"><i>Un magnifique Muscat Bio d&rsquo;une fra\u00eecheur infinie, fruit\u00e9 et sec avec une bonne acidit\u00e9 et tr\u00e8s ample. Les notes florales, fleurs blanches, abricot et de la pomme verte, sont une caract\u00e9ristique de ce Muscat. <\/i><\/p>\n<p class=\"p1\"><i>L\u00e9ger et tr\u00e8s agr\u00e9able lors des chaudes journ\u00e9es d&rsquo;\u00e9t\u00e9. Un vin \u00e0 partager et \u00e0 boire en toute occasion, servi tr\u00e8s frais.<span class=\"Apple-converted-space\">\u00a0<\/span><\/i><\/p>\n","protected":false},"excerpt":{"rendered":"<p class=\"p1\"><span style=\"color: #65232b;\">Ap\u00e9tifis\/Tapas\u00a0 \u00a0 \u00a0|\u00a0 \u00a0 \u00a0Salades\u00a0 \u00a0 \u00a0|\u00a0 \u00a0 \u00a0Sushi\u00a0 \u00a0 \u00a0|\u00a0 \u00a0 \u00a0 Poissons\u00a0 \u00a0 \u00a0|\u00a0 \u00a0 \u00a0 Paella\u00a0 \u00a0 \u00a0|\u00a0 \u00a0 \u00a0 Viandes blanches\u00a0 \u00a0\u00a0|\u00a0 \u00a0 \u00a0 Fromages\u00a0 \u00a0 \u00a0 \u00a0 \u00a0 |\u00a0 \u00a0 \u00c0 d\u00e9guster seul<\/span><\/p>\n","protected":false},"featured_media":15576,"comment_status":"open","ping_status":"closed","template":"","meta":{"_joinchat":[]},"product_brand":[],"product_cat":[337,379,424,395,388,382,389,433,384,436,340,341,437,438,425,385,390,349,405,407,439],"product_tag":[344,386,352],"class_list":{"0":"post-16655","1":"product","2":"type-product","3":"status-publish","4":"has-post-thumbnail","6":"product_cat-biologique-fr","7":"product_cat-bodegas-fr","8":"product_cat-ecologica-fr","9":"product_cat-langagefr","10":"product_cat-organic-en-fr","11":"product_cat-region-2-fr","12":"product_cat-region-3-en-fr","13":"product_cat-region-fr","14":"product_cat-sierra-norte-bodega-fr","15":"product_cat-tipo-fr","16":"product_cat-type-dagriculture-fr","17":"product_cat-type-de-vin-fr","18":"product_cat-type-of-agriculture-fr","19":"product_cat-type-of-wine-fr","20":"product_cat-valencia-fr","21":"product_cat-valencia-esp-fr","22":"product_cat-valencia-spain-en-fr","23":"product_cat-vin-blanc-fr","24":"product_cat-vino-blanco-fr","25":"product_cat-viticultura-fr","26":"product_cat-white-wine-fr","27":"product_tag-ecologica-fr","28":"product_tag-utiel_requena-fr","29":"product_tag-vino_blanco-fr","31":"first","32":"instock","33":"shipping-taxable","34":"product-type-simple"},"_links":{"self":[{"href":"https:\/\/justnaturallywine.com\/fr\/wp-json\/wp\/v2\/product\/16655","targetHints":{"allow":["GET"]}}],"collection":[{"href":"https:\/\/justnaturallywine.com\/fr\/wp-json\/wp\/v2\/product"}],"about":[{"href":"https:\/\/justnaturallywine.com\/fr\/wp-json\/wp\/v2\/types\/product"}],"replies":[{"embeddable":true,"href":"https:\/\/justnaturallywine.com\/fr\/wp-json\/wp\/v2\/comments?post=16655"}],"wp:featuredmedia":[{"embeddable":true,"href":"https:\/\/justnaturallywine.com\/fr\/wp-json\/wp\/v2\/media\/15576"}],"wp:attachment":[{"href":"https:\/\/justnaturallywine.com\/fr\/wp-json\/wp\/v2\/media?parent=16655"}],"wp:term":[{"taxonomy":"product_brand","embeddable":true,"href":"https:\/\/justnaturallywine.com\/fr\/wp-json\/wp\/v2\/product_brand?post=16655"},{"taxonomy":"product_cat","embeddable":true,"href":"https:\/\/justnaturallywine.com\/fr\/wp-json\/wp\/v2\/product_cat?post=16655"},{"taxonomy":"product_tag","embeddable":true,"href":"https:\/\/justnaturallywine.com\/fr\/wp-json\/wp\/v2\/product_tag?post=16655"}],"curies":[{"name":"wp","href":"https:\/\/api.w.org\/{rel}","templated":true}]}}