{"id":16663,"date":"2021-06-30T14:42:53","date_gmt":"2021-06-30T14:42:53","guid":{"rendered":"https:\/\/justnaturallywine.com\/producto\/argali-rosado\/"},"modified":"2021-12-01T13:16:35","modified_gmt":"2021-12-01T13:16:35","slug":"argali-rosado","status":"publish","type":"product","link":"https:\/\/justnaturallywine.com\/fr\/producto\/argali-rosado\/","title":{"rendered":"ARGALI ROS\u00c9<\/br><p style=\"font-size:70%;font-style:italic;\">Ch\u00e2teau Puech Haut<\/p>"},"content":{"rendered":"<div class=\"page\" title=\"Page 1\">\n<div class=\"section\">\n<div class=\"layoutArea\">\n<div class=\"column\">\n<p class=\"p1\"><b>Mill\u00e9sime: <\/b>2020<\/p>\n<p class=\"p1\"><b>Type d\u2019agriculture: <\/b><i>Raisonn\u00e9e (sans herbicides ni pesticides) <\/i><\/p>\n<p class=\"p1\"><b>R\u00e9gion: <\/b>C\u00f4teaux du Languedoc (FR)<\/p>\n<p class=\"p1\"><b>C\u00e9pages: <\/b>60% Grenache &#8211; 40% Cinsault<\/p>\n<p class=\"p1\"><b>Temp\u00e9rature de service: <\/b>6\/8\u00b0C<\/p>\n<p class=\"p1\"><b>Teneur en alcool: <\/b>13% vol.<span class=\"Apple-converted-space\">\u00a0<\/span><\/p>\n<p class=\"p1\"><i>Un ros\u00e9 \u00e9l\u00e9gant et d\u00e9licat, frais et \u00e9nergique, tr\u00e8s expressif avec des notes de fruits rouges et d\u2019agrumes, tres bien \u00e9quilibr\u00e9. <\/i><\/p>\n<p class=\"p1\"><i>L\u00e9ger et tres d\u00e9salt\u00e9rant lors des chaudes journ\u00e9es d&rsquo;\u00e9t\u00e9. Un vin \u00e0 partager et \u00e0 boire en toute occasion, servi tr\u00e8s frais.<span class=\"Apple-converted-space\">\u00a0<\/span><\/i><\/p>\n<\/div>\n<\/div>\n<\/div>\n<\/div>\n","protected":false},"excerpt":{"rendered":"<div class=\"page\" title=\"Page 1\">\n<div class=\"section\">\n<div class=\"layoutArea\">\n<div class=\"column\">\n<p class=\"p1\"><i>*Recommand\u00e9 pour une cuisine Gastronomique*<span class=\"Apple-converted-space\">\u00a0<\/span><\/i><\/p>\n<p><span style=\"color: #65232b;\">Ap\u00e9ritifs\/Tapas\u00a0 \u00a0 \u00a0|\u00a0 \u00a0 \u00a0Salades\u00a0 \u00a0 \u00a0|\u00a0 \u00a0 \u00a0Cusine asiatique\u00a0 \u00a0 \u00a0|\u00a0 \u00a0 \u00a0Sushis\u00a0 \u00a0 |\u00a0 \u00a0 Poisson cru \/ grill\u00e9\u00a0 \u00a0|\u00a0 \u00a0 \u00a0Viande blanche grill\u00e9 \/ sauce\u00a0 |\u00a0 \u00a0\u00c0 d\u00e9guster seul\u00a0<\/span><\/p>\n<\/div>\n<\/div>\n<\/div>\n<\/div>\n","protected":false},"featured_media":15556,"comment_status":"open","ping_status":"closed","template":"","meta":{"_joinchat":[]},"product_brand":[],"product_cat":[379,346,395,347,468,471,348,389,382,433,452,428,435,436,340,341,437,438,342,451,407],"product_tag":[350,351,345],"class_list":{"0":"post-16663","1":"product","2":"type-product","3":"status-publish","4":"has-post-thumbnail","6":"product_cat-bodegas-fr","7":"product_cat-domaine-puech-haut-fr","8":"product_cat-langagefr","9":"product_cat-languedoc-rosellon-fr-2","10":"product_cat-languedoc-rosellon-fr-fr","11":"product_cat-languedoc-rosellon-france-fr","12":"product_cat-raisonnee-fr","13":"product_cat-region-3-en-fr","14":"product_cat-region-2-fr","15":"product_cat-region-fr","16":"product_cat-rose-wine-fr","17":"product_cat-sostenible-fr","18":"product_cat-sustainable-fr","19":"product_cat-tipo-fr","20":"product_cat-type-dagriculture-fr","21":"product_cat-type-de-vin-fr","22":"product_cat-type-of-agriculture-fr","23":"product_cat-type-of-wine-fr","24":"product_cat-vin-rose-fr","25":"product_cat-vino-rosado-fr","26":"product_cat-viticultura-fr","27":"product_tag-coteaux-_du-_languedoc-fr","28":"product_tag-sostenible-fr","29":"product_tag-vino-rosado-fr","31":"first","32":"instock","33":"shipping-taxable","34":"product-type-simple"},"_links":{"self":[{"href":"https:\/\/justnaturallywine.com\/fr\/wp-json\/wp\/v2\/product\/16663","targetHints":{"allow":["GET"]}}],"collection":[{"href":"https:\/\/justnaturallywine.com\/fr\/wp-json\/wp\/v2\/product"}],"about":[{"href":"https:\/\/justnaturallywine.com\/fr\/wp-json\/wp\/v2\/types\/product"}],"replies":[{"embeddable":true,"href":"https:\/\/justnaturallywine.com\/fr\/wp-json\/wp\/v2\/comments?post=16663"}],"wp:featuredmedia":[{"embeddable":true,"href":"https:\/\/justnaturallywine.com\/fr\/wp-json\/wp\/v2\/media\/15556"}],"wp:attachment":[{"href":"https:\/\/justnaturallywine.com\/fr\/wp-json\/wp\/v2\/media?parent=16663"}],"wp:term":[{"taxonomy":"product_brand","embeddable":true,"href":"https:\/\/justnaturallywine.com\/fr\/wp-json\/wp\/v2\/product_brand?post=16663"},{"taxonomy":"product_cat","embeddable":true,"href":"https:\/\/justnaturallywine.com\/fr\/wp-json\/wp\/v2\/product_cat?post=16663"},{"taxonomy":"product_tag","embeddable":true,"href":"https:\/\/justnaturallywine.com\/fr\/wp-json\/wp\/v2\/product_tag?post=16663"}],"curies":[{"name":"wp","href":"https:\/\/api.w.org\/{rel}","templated":true}]}}